{"id":14384,"date":"2024-01-18T14:33:06","date_gmt":"2024-01-18T13:33:06","guid":{"rendered":"https:\/\/eilert-akademie.com\/vanessa-seibert\/"},"modified":"2026-04-30T13:34:46","modified_gmt":"2026-04-30T11:34:46","slug":"vanessa-seibert","status":"publish","type":"page","link":"https:\/\/eilert-akademie.com\/at\/vanessa-seibert\/","title":{"rendered":"Vanessa Seibert"},"content":{"rendered":"<p><div class=\"fusion-fullwidth fullwidth-box fusion-builder-row-1 nonhundred-percent-fullwidth non-hundred-percent-height-scrolling\" style=\"--awb-border-radius-top-left:0px;--awb-border-radius-top-right:0px;--awb-border-radius-bottom-right:0px;--awb-border-radius-bottom-left:0px;--awb-background-color:#2e394b;--awb-flex-wrap:wrap;\" ><div class=\"fusion-builder-row fusion-row\"><div class=\"fusion-layout-column fusion_builder_column fusion-builder-column-0 fusion_builder_column_1_1 1_1 fusion-one-full fusion-column-first fusion-column-last\" style=\"--awb-bg-size:cover;--awb-margin-top:30px;\"><div class=\"fusion-column-wrapper fusion-column-has-shadow fusion-flex-column-wrapper-legacy\"><div class=\"fusion-title title fusion-title-1 fusion-sep-none fusion-title-center fusion-title-text fusion-title-size-one\" style=\"--awb-margin-top-small:10px;--awb-margin-right-small:0px;--awb-margin-bottom-small:10px;--awb-margin-left-small:0px;\"><h1 class=\"fusion-title-heading title-heading-center fusion-responsive-typography-calculated\" style=\"margin:0;--fontSize:38;line-height:1.16;\">Akademieteam<\/h1><\/div><div class=\"fusion-clearfix\"><\/div><\/div><\/div><\/div><\/div><div class=\"fusion-fullwidth fullwidth-box fusion-builder-row-2 fusion-flex-container has-pattern-background has-mask-background nonhundred-percent-fullwidth non-hundred-percent-height-scrolling fusion-no-small-visibility fusion-no-medium-visibility fusion-sticky-container fusion-absolute-container fusion-absolute-position-large\" style=\"--awb-border-radius-top-left:0px;--awb-border-radius-top-right:0px;--awb-border-radius-bottom-right:0px;--awb-border-radius-bottom-left:0px;--awb-margin-top:50px;--awb-flex-wrap:wrap;\" data-transition-offset=\"327\" data-sticky-offset=\".fusion-sticky-header-wrapper\" data-scroll-offset=\"0\" data-sticky-large-visibility=\"1\" ><div class=\"fusion-builder-row fusion-row fusion-flex-align-items-flex-start fusion-flex-justify-content-flex-end fusion-flex-content-wrap\" style=\"max-width:1248px;margin-left: calc(-4% \/ 2 );margin-right: calc(-4% \/ 2 );\"><div class=\"fusion-layout-column fusion_builder_column fusion-builder-column-1 fusion_builder_column_1_6 1_6 fusion-flex-column\" style=\"--awb-bg-size:cover;--awb-width-large:16.6666666667%;--awb-margin-top-large:0px;--awb-spacing-right-large:11.52%;--awb-margin-bottom-large:20px;--awb-spacing-left-large:11.52%;--awb-width-medium:100%;--awb-order-medium:0;--awb-spacing-right-medium:1.92%;--awb-spacing-left-medium:1.92%;--awb-width-small:100%;--awb-order-small:0;--awb-spacing-right-small:1.92%;--awb-spacing-left-small:1.92%;\"><div class=\"fusion-column-wrapper fusion-column-has-shadow fusion-flex-justify-content-flex-start fusion-content-layout-column\"><div class=\"fusion-title title fusion-title-2 fusion-sep-none fusion-title-text fusion-title-size-four\" style=\"--awb-margin-top-small:10px;--awb-margin-right-small:0px;--awb-margin-bottom-small:10px;--awb-margin-left-small:0px;--awb-font-size:20px;\"><h4 class=\"fusion-title-heading title-heading-left fusion-responsive-typography-calculated\" style=\"margin:0;font-size:1em;--fontSize:20;line-height:1.36;\">Akademieteam<\/h4><\/div><div class=\"fusion-widget fusion-widget-element fusion-widget-area fusion-content-widget-area wpWidget-1 fusion_widget_vertical_menu\" style=\"--awb-fusion-border-size:1px;--awb-fusion-bg-color:#f9f9fb;--awb-fusion-border-color:#e8e8e8;--awb-fusion-border-style:solid;--awb-fusion-divider-color:#e8e8e8;\"><div class=\"widget avada_vertical_menu\"><style>#fusion-vertical-menu-widget-avada-vertical-menu-widget-1-nav ul.menu li a {font-size:14px;}<\/style><nav id=\"fusion-vertical-menu-widget-avada-vertical-menu-widget-1-nav\" class=\"fusion-vertical-menu-widget fusion-menu hover left no-border\" aria-label=\"Secondary Navigation: Akademieteam\"><ul id=\"menu-team-at\" class=\"menu\"><li id=\"menu-item-8606\" class=\"menu-item menu-item-type-post_type menu-item-object-page menu-item-8606\"><a href=\"https:\/\/eilert-akademie.com\/at\/dirk-w-eilert\/\"><span class=\"link-text\"> Dr. Dirk W. Eilert<\/span><span class=\"arrow\"><\/span><\/a><\/li><li id=\"menu-item-8613\" class=\"menu-item menu-item-type-post_type menu-item-object-page menu-item-8613\"><a href=\"https:\/\/eilert-akademie.com\/at\/ute-eilert\/\"><span class=\"link-text\"> Ute Eilert<\/span><span class=\"arrow\"><\/span><\/a><\/li><li id=\"menu-item-8614\" class=\"menu-item menu-item-type-post_type menu-item-object-page menu-item-8614\"><a href=\"https:\/\/eilert-akademie.com\/at\/michaela-beier\/\"><span class=\"link-text\"> Michaela Beier<\/span><span class=\"arrow\"><\/span><\/a><\/li><li id=\"menu-item-8609\" class=\"menu-item menu-item-type-post_type menu-item-object-page menu-item-8609\"><a href=\"https:\/\/eilert-akademie.com\/at\/philipp-mensah\/\"><span class=\"link-text\"> Philipp Mensah<\/span><span class=\"arrow\"><\/span><\/a><\/li><li id=\"menu-item-14399\" class=\"menu-item menu-item-type-post_type menu-item-object-page menu-item-14399\"><a href=\"https:\/\/eilert-akademie.com\/at\/vanessa-seibert\/\"><span class=\"link-text\"> Vanessa Seibert<\/span><span class=\"arrow\"><\/span><\/a><\/li><li id=\"menu-item-17491\" class=\"menu-item menu-item-type-post_type menu-item-object-page menu-item-17491\"><a href=\"https:\/\/eilert-akademie.com\/at\/mia-quick\/\"><span class=\"link-text\"> Mia Quick<\/span><span class=\"arrow\"><\/span><\/a><\/li><li id=\"menu-item-8607\" class=\"menu-item menu-item-type-post_type menu-item-object-page menu-item-8607\"><a href=\"https:\/\/eilert-akademie.com\/at\/dr-damir-del-monte\/\"><span class=\"link-text\"> Dr. Dr. Damir del Monte<\/span><span class=\"arrow\"><\/span><\/a><\/li><li id=\"menu-item-8615\" class=\"menu-item menu-item-type-post_type menu-item-object-page menu-item-8615\"><a href=\"https:\/\/eilert-akademie.com\/at\/mike-werder\/\"><span class=\"link-text\"> Mike Werder<\/span><span class=\"arrow\"><\/span><\/a><\/li><li id=\"menu-item-8604\" class=\"menu-item menu-item-type-post_type menu-item-object-page menu-item-8604\"><a href=\"https:\/\/eilert-akademie.com\/at\/corinne-nowak\/\"><span class=\"link-text\"> Corinne Nowak<\/span><span class=\"arrow\"><\/span><\/a><\/li><\/ul><\/nav><\/div><\/div><\/div><\/div><\/div><\/div><div class=\"fusion-fullwidth fullwidth-box fusion-builder-row-3 fusion-flex-container has-pattern-background has-mask-background nonhundred-percent-fullwidth non-hundred-percent-height-scrolling\" style=\"--awb-border-radius-top-left:0px;--awb-border-radius-top-right:0px;--awb-border-radius-bottom-right:0px;--awb-border-radius-bottom-left:0px;--awb-margin-top:50px;--awb-flex-wrap:wrap;\" ><div class=\"fusion-builder-row fusion-row fusion-flex-align-items-flex-start fusion-flex-content-wrap\" style=\"max-width:1248px;margin-left: calc(-4% \/ 2 );margin-right: calc(-4% \/ 2 );\"><div class=\"fusion-layout-column fusion_builder_column fusion-builder-column-2 fusion_builder_column_1_3 1_3 fusion-flex-column\" style=\"--awb-bg-size:cover;--awb-width-large:33.3333333333%;--awb-margin-top-large:0px;--awb-spacing-right-large:5.76%;--awb-margin-bottom-large:20px;--awb-spacing-left-large:5.76%;--awb-width-medium:100%;--awb-spacing-right-medium:1.92%;--awb-spacing-left-medium:1.92%;--awb-width-small:100%;--awb-spacing-right-small:1.92%;--awb-spacing-left-small:1.92%;\"><div class=\"fusion-column-wrapper fusion-column-has-shadow fusion-flex-justify-content-flex-start fusion-content-layout-column\"><div class=\"fusion-image-element \" style=\"--awb-caption-title-font-family:var(--h2_typography-font-family);--awb-caption-title-font-weight:var(--h2_typography-font-weight);--awb-caption-title-font-style:var(--h2_typography-font-style);--awb-caption-title-size:var(--h2_typography-font-size);--awb-caption-title-transform:var(--h2_typography-text-transform);--awb-caption-title-line-height:var(--h2_typography-line-height);--awb-caption-title-letter-spacing:var(--h2_typography-letter-spacing);\"><span class=\" fusion-imageframe imageframe-dropshadow imageframe-1 hover-type-none\" style=\"border:15px solid #ffffff;-webkit-box-shadow: 3px 3px 7px rgba(0,0,0,0.3);box-shadow: 3px 3px 7px rgba(0,0,0,0.3);\"><img decoding=\"async\" width=\"732\" height=\"700\" alt=\"Vanessa Seibert\" title=\"Vanessa Seibert\" src=\"https:\/\/eilert-akademie.com\/wp-content\/uploads\/2026\/04\/vanessa26.jpg\" class=\"img-responsive wp-image-22830\" srcset=\"https:\/\/eilert-akademie.com\/wp-content\/uploads\/2026\/04\/vanessa26-200x191.jpg 200w, https:\/\/eilert-akademie.com\/wp-content\/uploads\/2026\/04\/vanessa26-400x383.jpg 400w, https:\/\/eilert-akademie.com\/wp-content\/uploads\/2026\/04\/vanessa26-600x574.jpg 600w, https:\/\/eilert-akademie.com\/wp-content\/uploads\/2026\/04\/vanessa26.jpg 732w\" sizes=\"(max-width: 1024px) 100vw, (max-width: 640px) 100vw, 400px\" \/><\/span><\/div><\/div><\/div><div class=\"fusion-layout-column fusion_builder_column fusion-builder-column-3 fusion_builder_column_1_2 1_2 fusion-flex-column\" style=\"--awb-bg-size:cover;--awb-width-large:50%;--awb-margin-top-large:0px;--awb-spacing-right-large:3.84%;--awb-margin-bottom-large:20px;--awb-spacing-left-large:3.84%;--awb-width-medium:100%;--awb-spacing-right-medium:1.92%;--awb-spacing-left-medium:1.92%;--awb-width-small:100%;--awb-spacing-right-small:1.92%;--awb-spacing-left-small:1.92%;\"><div class=\"fusion-column-wrapper fusion-column-has-shadow fusion-flex-justify-content-flex-start fusion-content-layout-column\"><div class=\"fusion-title title fusion-title-3 fusion-sep-none fusion-title-text fusion-title-size-one\" style=\"--awb-margin-top-small:10px;--awb-margin-right-small:0px;--awb-margin-bottom-small:10px;--awb-margin-left-small:0px;\"><h1 class=\"fusion-title-heading title-heading-left fusion-responsive-typography-calculated\" style=\"margin:0;--fontSize:38;line-height:1.16;\">Vanessa Seibert<\/h1><\/div><div class=\"fusion-separator\" style=\"align-self: flex-start;margin-right:auto;margin-top:10px;margin-bottom:30px;width:100%;max-width:150px;\"><div class=\"fusion-separator-border sep-single\" style=\"--awb-height:20px;--awb-amount:20px;border-color:#95c11f;border-top-width:4px;\"><\/div><\/div><div class=\"fusion-text fusion-text-1\"><p>Mein Studium der Linguistik hat mir nicht nur tiefe Einblicke in die Sprachwissenschaft erm\u00f6glicht, sondern auch mein Interesse an Mimikresonanz und emotionaler Intelligenz geweckt. Die faszinierende Verbindung zwischen Sprache, Ausdruck und Gef\u00fchl hat mich stets begeistert. In meiner Rolle hier verkn\u00fcpfe ich meine Leidenschaft f\u00fcr Sprache mit der spannenden Welt der nonverbalen Kommunikation und Emotionserkennung.<\/p>\n<p>Seit Juni 2023 bin ich mit Begeisterung Teil der Eilert Akademie. Mein Aufgabenbereich umfasst haupts\u00e4chlich die Konzeption und Gestaltung unserer Online-Trainingsprogramme, die darauf abzielen, sowohl informativ als auch ansprechend und zug\u00e4nglich zu sein. Hierbei integriere ich aktuelle Forschungserkenntnisse und praktische Anwendungen, um ein dynamisches und effektives Lernumfeld zu schaffen. Ich bin fest davon \u00fcberzeugt, dass Bildung die Br\u00fccke zwischen Wissen und Anwendung ist, und ich freue mich darauf, diese \u00dcberzeugung in meiner t\u00e4glichen Arbeit umzusetzen.<\/p>\n<p>Mein Ziel ist es, unsere Teilnehmenden darin zu unterst\u00fctzen, ihre Kompetenzen in emotionaler Intelligenz und Mimikresonanz zu st\u00e4rken und ein vertieftes Verst\u00e4ndnis f\u00fcr die subtilen Aspekte der menschlichen Kommunikation zu entwickeln. Ich freue mich auf die vielen inspirierenden Begegnungen und die gemeinsamen Lernerfahrungen, die uns bei der Eilert Akademie erwarten.<\/p>\n<\/div><div class=\"fusion-title title fusion-title-4 fusion-sep-none fusion-title-text fusion-title-size-four\" style=\"--awb-margin-top-small:10px;--awb-margin-right-small:0px;--awb-margin-bottom-small:10px;--awb-margin-left-small:0px;\"><h4 class=\"fusion-title-heading title-heading-left fusion-responsive-typography-calculated\" style=\"margin:0;--fontSize:20;line-height:1.36;\">Qualifikationen:<\/h4><\/div><ul style=\"--awb-iconcolor:#95c11f;--awb-line-height:27.2px;--awb-icon-width:27.2px;--awb-icon-height:27.2px;--awb-icon-margin:11.2px;--awb-content-margin:38.4px;\" class=\"fusion-checklist fusion-checklist-1 fusion-checklist-default type-icons\"><li class=\"fusion-li-item\" style=\"\"><span class=\"icon-wrapper circle-no\"><i class=\"fusion-li-icon fa-angle-right fas\" aria-hidden=\"true\"><\/i><\/span><div class=\"fusion-li-item-content\">Sprach- und Kommunikationswissenschaften (M. Sc.)<\/div><\/li><li class=\"fusion-li-item\" style=\"\"><span class=\"icon-wrapper circle-no\"><i class=\"fusion-li-icon fa-angle-right fas\" aria-hidden=\"true\"><\/i><\/span><div class=\"fusion-li-item-content\">emTrace<sup>\u00ae<\/sup>-Coach<\/div><\/li><li class=\"fusion-li-item\" style=\"\"><span class=\"icon-wrapper circle-no\"><i class=\"fusion-li-icon fa-angle-right fas\" aria-hidden=\"true\"><\/i><\/span><div class=\"fusion-li-item-content\">\n<p>Mimikresonanz<sup>\u00ae<\/sup>-Berater<\/p>\n<\/div><\/li><\/ul><\/div><\/div><div class=\"fusion-layout-column fusion_builder_column fusion-builder-column-4 fusion_builder_column_1_6 1_6 fusion-flex-column fusion-no-large-visibility\" style=\"--awb-bg-size:cover;--awb-width-large:16.6666666667%;--awb-margin-top-large:0px;--awb-spacing-right-large:11.52%;--awb-margin-bottom-large:20px;--awb-spacing-left-large:11.52%;--awb-width-medium:100%;--awb-order-medium:0;--awb-spacing-right-medium:1.92%;--awb-spacing-left-medium:1.92%;--awb-width-small:100%;--awb-order-small:0;--awb-spacing-right-small:1.92%;--awb-spacing-left-small:1.92%;\"><div class=\"fusion-column-wrapper fusion-column-has-shadow fusion-flex-justify-content-flex-start fusion-content-layout-column\"><div class=\"fusion-title title fusion-title-5 fusion-sep-none fusion-title-text fusion-title-size-four\" style=\"--awb-margin-top-small:10px;--awb-margin-right-small:0px;--awb-margin-bottom-small:10px;--awb-margin-left-small:0px;--awb-font-size:20px;\"><h4 class=\"fusion-title-heading title-heading-left fusion-responsive-typography-calculated\" style=\"margin:0;font-size:1em;--fontSize:20;line-height:1.36;\">Akademieteam<\/h4><\/div><div class=\"fusion-widget fusion-widget-element fusion-widget-area fusion-content-widget-area wpWidget-2 fusion_widget_vertical_menu\" style=\"--awb-fusion-border-size:1px;--awb-fusion-bg-color:#f9f9fb;--awb-fusion-border-color:#e8e8e8;--awb-fusion-border-style:solid;--awb-fusion-divider-color:#e8e8e8;\"><div class=\"widget avada_vertical_menu\"><style>#fusion-vertical-menu-widget-avada-vertical-menu-widget-2-nav ul.menu li a {font-size:14px;}<\/style><nav id=\"fusion-vertical-menu-widget-avada-vertical-menu-widget-2-nav\" class=\"fusion-vertical-menu-widget fusion-menu hover left no-border\" aria-label=\"Secondary Navigation: Akademieteam\"><ul id=\"menu-team-at-1\" class=\"menu\"><li class=\"menu-item menu-item-type-post_type menu-item-object-page menu-item-8606\"><a href=\"https:\/\/eilert-akademie.com\/at\/dirk-w-eilert\/\"><span class=\"link-text\"> Dr. Dirk W. Eilert<\/span><span class=\"arrow\"><\/span><\/a><\/li><li class=\"menu-item menu-item-type-post_type menu-item-object-page menu-item-8613\"><a href=\"https:\/\/eilert-akademie.com\/at\/ute-eilert\/\"><span class=\"link-text\"> Ute Eilert<\/span><span class=\"arrow\"><\/span><\/a><\/li><li class=\"menu-item menu-item-type-post_type menu-item-object-page menu-item-8614\"><a href=\"https:\/\/eilert-akademie.com\/at\/michaela-beier\/\"><span class=\"link-text\"> Michaela Beier<\/span><span class=\"arrow\"><\/span><\/a><\/li><li class=\"menu-item menu-item-type-post_type menu-item-object-page menu-item-8609\"><a href=\"https:\/\/eilert-akademie.com\/at\/philipp-mensah\/\"><span class=\"link-text\"> Philipp Mensah<\/span><span class=\"arrow\"><\/span><\/a><\/li><li class=\"menu-item menu-item-type-post_type menu-item-object-page menu-item-14399\"><a href=\"https:\/\/eilert-akademie.com\/at\/vanessa-seibert\/\"><span class=\"link-text\"> Vanessa Seibert<\/span><span class=\"arrow\"><\/span><\/a><\/li><li class=\"menu-item menu-item-type-post_type menu-item-object-page menu-item-17491\"><a href=\"https:\/\/eilert-akademie.com\/at\/mia-quick\/\"><span class=\"link-text\"> Mia Quick<\/span><span class=\"arrow\"><\/span><\/a><\/li><li class=\"menu-item menu-item-type-post_type menu-item-object-page menu-item-8607\"><a href=\"https:\/\/eilert-akademie.com\/at\/dr-damir-del-monte\/\"><span class=\"link-text\"> Dr. Dr. Damir del Monte<\/span><span class=\"arrow\"><\/span><\/a><\/li><li class=\"menu-item menu-item-type-post_type menu-item-object-page menu-item-8615\"><a href=\"https:\/\/eilert-akademie.com\/at\/mike-werder\/\"><span class=\"link-text\"> Mike Werder<\/span><span class=\"arrow\"><\/span><\/a><\/li><li class=\"menu-item menu-item-type-post_type menu-item-object-page menu-item-8604\"><a href=\"https:\/\/eilert-akademie.com\/at\/corinne-nowak\/\"><span class=\"link-text\"> Corinne Nowak<\/span><span class=\"arrow\"><\/span><\/a><\/li><\/ul><\/nav><\/div><\/div><\/div><\/div><\/div><\/div><\/p>\n","protected":false},"excerpt":{"rendered":"","protected":false},"author":1,"featured_media":0,"parent":0,"menu_order":0,"comment_status":"closed","ping_status":"closed","template":"100-width.php","meta":{"_acf_changed":false,"footnotes":""},"class_list":["post-14384","page","type-page","status-publish","hentry"],"acf":[],"yoast_head":"<!-- This site is optimized with the Yoast SEO plugin v27.5 - https:\/\/yoast.com\/product\/yoast-seo-wordpress\/ -->\n<title>Vanessa Seibert - Eilert-Akademie | The Science of Emotions<\/title>\n<meta name=\"description\" content=\"Vanessa Seibert verst\u00e4rkt das Team der Eilert-Akademie seit 2023 im Bereich Backoffice und Trainingsdesign.\" \/>\n<meta name=\"robots\" content=\"index, follow, max-snippet:-1, max-image-preview:large, max-video-preview:-1\" \/>\n<link rel=\"canonical\" href=\"https:\/\/eilert-akademie.com\/at\/vanessa-seibert\/\" \/>\n<meta property=\"og:locale\" content=\"de_DE\" \/>\n<meta property=\"og:type\" content=\"article\" \/>\n<meta property=\"og:title\" content=\"Vanessa Seibert - Eilert-Akademie | The Science of Emotions\" \/>\n<meta property=\"og:description\" content=\"Vanessa Seibert verst\u00e4rkt das Team der Eilert-Akademie seit 2023 im Bereich Backoffice und Trainingsdesign.\" \/>\n<meta property=\"og:url\" content=\"https:\/\/eilert-akademie.com\/at\/vanessa-seibert\/\" \/>\n<meta property=\"og:site_name\" content=\"Eilert-Akademie | The Science of Emotions\" \/>\n<meta property=\"article:publisher\" content=\"https:\/\/www.facebook.com\/EilertAkademie\" \/>\n<meta property=\"article:modified_time\" content=\"2026-04-30T11:34:46+00:00\" \/>\n<meta name=\"twitter:card\" content=\"summary_large_image\" \/>\n<meta name=\"twitter:site\" content=\"@EilertAkademie\" \/>\n<meta name=\"twitter:label1\" content=\"Gesch\u00e4tzte Lesezeit\" \/>\n\t<meta name=\"twitter:data1\" content=\"2 Minuten\" \/>\n<script type=\"application\/ld+json\" class=\"yoast-schema-graph\">{\"@context\":\"https:\\\/\\\/schema.org\",\"@graph\":[{\"@type\":\"WebPage\",\"@id\":\"https:\\\/\\\/eilert-akademie.com\\\/at\\\/vanessa-seibert\\\/\",\"url\":\"https:\\\/\\\/eilert-akademie.com\\\/at\\\/vanessa-seibert\\\/\",\"name\":\"Vanessa Seibert - Eilert-Akademie | The Science of Emotions\",\"isPartOf\":{\"@id\":\"https:\\\/\\\/eilert-akademie.com\\\/at\\\/#website\"},\"datePublished\":\"2024-01-18T13:33:06+00:00\",\"dateModified\":\"2026-04-30T11:34:46+00:00\",\"description\":\"Vanessa Seibert verst\u00e4rkt das Team der Eilert-Akademie seit 2023 im Bereich Backoffice und Trainingsdesign.\",\"breadcrumb\":{\"@id\":\"https:\\\/\\\/eilert-akademie.com\\\/at\\\/vanessa-seibert\\\/#breadcrumb\"},\"inLanguage\":\"de-AT\",\"potentialAction\":[{\"@type\":\"ReadAction\",\"target\":[\"https:\\\/\\\/eilert-akademie.com\\\/at\\\/vanessa-seibert\\\/\"]}]},{\"@type\":\"BreadcrumbList\",\"@id\":\"https:\\\/\\\/eilert-akademie.com\\\/at\\\/vanessa-seibert\\\/#breadcrumb\",\"itemListElement\":[{\"@type\":\"ListItem\",\"position\":1,\"name\":\"Startseite\",\"item\":\"https:\\\/\\\/eilert-akademie.com\\\/at\\\/\"},{\"@type\":\"ListItem\",\"position\":2,\"name\":\"Vanessa Seibert\"}]},{\"@type\":\"WebSite\",\"@id\":\"https:\\\/\\\/eilert-akademie.com\\\/at\\\/#website\",\"url\":\"https:\\\/\\\/eilert-akademie.com\\\/at\\\/\",\"name\":\"Eilert-Akademie | The Science of Emotions\",\"description\":\"Ausbildung zum emTrace-Coach, zum Mimikresonanz-Trainer und zum Mesource-Facilitator. Mit drei S\u00e4ulen zum Experten f\u00fcr emotionale Intelligenz.\",\"publisher\":{\"@id\":\"https:\\\/\\\/eilert-akademie.com\\\/at\\\/#organization\"},\"potentialAction\":[{\"@type\":\"SearchAction\",\"target\":{\"@type\":\"EntryPoint\",\"urlTemplate\":\"https:\\\/\\\/eilert-akademie.com\\\/at\\\/?s={search_term_string}\"},\"query-input\":{\"@type\":\"PropertyValueSpecification\",\"valueRequired\":true,\"valueName\":\"search_term_string\"}}],\"inLanguage\":\"de-AT\"},{\"@type\":\"Organization\",\"@id\":\"https:\\\/\\\/eilert-akademie.com\\\/at\\\/#organization\",\"name\":\"Eilert-Akademie\",\"url\":\"https:\\\/\\\/eilert-akademie.com\\\/at\\\/\",\"logo\":{\"@type\":\"ImageObject\",\"inLanguage\":\"de-AT\",\"@id\":\"https:\\\/\\\/eilert-akademie.com\\\/at\\\/#\\\/schema\\\/logo\\\/image\\\/\",\"url\":\"https:\\\/\\\/eilert-akademie.com\\\/wp-content\\\/uploads\\\/2020\\\/07\\\/eilert-akademie-logo.png\",\"contentUrl\":\"https:\\\/\\\/eilert-akademie.com\\\/wp-content\\\/uploads\\\/2020\\\/07\\\/eilert-akademie-logo.png\",\"width\":326,\"height\":112,\"caption\":\"Eilert-Akademie\"},\"image\":{\"@id\":\"https:\\\/\\\/eilert-akademie.com\\\/at\\\/#\\\/schema\\\/logo\\\/image\\\/\"},\"sameAs\":[\"https:\\\/\\\/www.facebook.com\\\/EilertAkademie\",\"https:\\\/\\\/x.com\\\/EilertAkademie\",\"https:\\\/\\\/www.instagram.com\\\/eilertakademie\\\/\",\"https:\\\/\\\/de.wikipedia.org\\\/wiki\\\/Dirk_Eilert\"]}]}<\/script>\n<!-- \/ Yoast SEO plugin. -->","yoast_head_json":{"title":"Vanessa Seibert - Eilert-Akademie | The Science of Emotions","description":"Vanessa Seibert verst\u00e4rkt das Team der Eilert-Akademie seit 2023 im Bereich Backoffice und Trainingsdesign.","robots":{"index":"index","follow":"follow","max-snippet":"max-snippet:-1","max-image-preview":"max-image-preview:large","max-video-preview":"max-video-preview:-1"},"canonical":"https:\/\/eilert-akademie.com\/at\/vanessa-seibert\/","og_locale":"de_DE","og_type":"article","og_title":"Vanessa Seibert - Eilert-Akademie | The Science of Emotions","og_description":"Vanessa Seibert verst\u00e4rkt das Team der Eilert-Akademie seit 2023 im Bereich Backoffice und Trainingsdesign.","og_url":"https:\/\/eilert-akademie.com\/at\/vanessa-seibert\/","og_site_name":"Eilert-Akademie | The Science of Emotions","article_publisher":"https:\/\/www.facebook.com\/EilertAkademie","article_modified_time":"2026-04-30T11:34:46+00:00","twitter_card":"summary_large_image","twitter_site":"@EilertAkademie","twitter_misc":{"Gesch\u00e4tzte Lesezeit":"2 Minuten"},"schema":{"@context":"https:\/\/schema.org","@graph":[{"@type":"WebPage","@id":"https:\/\/eilert-akademie.com\/at\/vanessa-seibert\/","url":"https:\/\/eilert-akademie.com\/at\/vanessa-seibert\/","name":"Vanessa Seibert - Eilert-Akademie | The Science of Emotions","isPartOf":{"@id":"https:\/\/eilert-akademie.com\/at\/#website"},"datePublished":"2024-01-18T13:33:06+00:00","dateModified":"2026-04-30T11:34:46+00:00","description":"Vanessa Seibert verst\u00e4rkt das Team der Eilert-Akademie seit 2023 im Bereich Backoffice und Trainingsdesign.","breadcrumb":{"@id":"https:\/\/eilert-akademie.com\/at\/vanessa-seibert\/#breadcrumb"},"inLanguage":"de-AT","potentialAction":[{"@type":"ReadAction","target":["https:\/\/eilert-akademie.com\/at\/vanessa-seibert\/"]}]},{"@type":"BreadcrumbList","@id":"https:\/\/eilert-akademie.com\/at\/vanessa-seibert\/#breadcrumb","itemListElement":[{"@type":"ListItem","position":1,"name":"Startseite","item":"https:\/\/eilert-akademie.com\/at\/"},{"@type":"ListItem","position":2,"name":"Vanessa Seibert"}]},{"@type":"WebSite","@id":"https:\/\/eilert-akademie.com\/at\/#website","url":"https:\/\/eilert-akademie.com\/at\/","name":"Eilert-Akademie | The Science of Emotions","description":"Ausbildung zum emTrace-Coach, zum Mimikresonanz-Trainer und zum Mesource-Facilitator. Mit drei S\u00e4ulen zum Experten f\u00fcr emotionale Intelligenz.","publisher":{"@id":"https:\/\/eilert-akademie.com\/at\/#organization"},"potentialAction":[{"@type":"SearchAction","target":{"@type":"EntryPoint","urlTemplate":"https:\/\/eilert-akademie.com\/at\/?s={search_term_string}"},"query-input":{"@type":"PropertyValueSpecification","valueRequired":true,"valueName":"search_term_string"}}],"inLanguage":"de-AT"},{"@type":"Organization","@id":"https:\/\/eilert-akademie.com\/at\/#organization","name":"Eilert-Akademie","url":"https:\/\/eilert-akademie.com\/at\/","logo":{"@type":"ImageObject","inLanguage":"de-AT","@id":"https:\/\/eilert-akademie.com\/at\/#\/schema\/logo\/image\/","url":"https:\/\/eilert-akademie.com\/wp-content\/uploads\/2020\/07\/eilert-akademie-logo.png","contentUrl":"https:\/\/eilert-akademie.com\/wp-content\/uploads\/2020\/07\/eilert-akademie-logo.png","width":326,"height":112,"caption":"Eilert-Akademie"},"image":{"@id":"https:\/\/eilert-akademie.com\/at\/#\/schema\/logo\/image\/"},"sameAs":["https:\/\/www.facebook.com\/EilertAkademie","https:\/\/x.com\/EilertAkademie","https:\/\/www.instagram.com\/eilertakademie\/","https:\/\/de.wikipedia.org\/wiki\/Dirk_Eilert"]}]}},"post_mailing_queue_ids":[],"_links":{"self":[{"href":"https:\/\/eilert-akademie.com\/at\/wp-json\/wp\/v2\/pages\/14384","targetHints":{"allow":["GET"]}}],"collection":[{"href":"https:\/\/eilert-akademie.com\/at\/wp-json\/wp\/v2\/pages"}],"about":[{"href":"https:\/\/eilert-akademie.com\/at\/wp-json\/wp\/v2\/types\/page"}],"author":[{"embeddable":true,"href":"https:\/\/eilert-akademie.com\/at\/wp-json\/wp\/v2\/users\/1"}],"replies":[{"embeddable":true,"href":"https:\/\/eilert-akademie.com\/at\/wp-json\/wp\/v2\/comments?post=14384"}],"version-history":[{"count":5,"href":"https:\/\/eilert-akademie.com\/at\/wp-json\/wp\/v2\/pages\/14384\/revisions"}],"predecessor-version":[{"id":22864,"href":"https:\/\/eilert-akademie.com\/at\/wp-json\/wp\/v2\/pages\/14384\/revisions\/22864"}],"wp:attachment":[{"href":"https:\/\/eilert-akademie.com\/at\/wp-json\/wp\/v2\/media?parent=14384"}],"curies":[{"name":"wp","href":"https:\/\/api.w.org\/{rel}","templated":true}]}}