{"id":7589,"date":"2020-09-18T15:42:01","date_gmt":"2020-09-18T13:42:01","guid":{"rendered":"https:\/\/eilert-akademie.com\/dirk-w-eilert\/"},"modified":"2025-08-22T10:09:59","modified_gmt":"2025-08-22T08:09:59","slug":"dirk-w-eilert","status":"publish","type":"page","link":"https:\/\/eilert-akademie.com\/at\/dirk-w-eilert\/","title":{"rendered":"Dr. Dirk W. Eilert"},"content":{"rendered":"<p><div class=\"fusion-fullwidth fullwidth-box fusion-builder-row-1 nonhundred-percent-fullwidth non-hundred-percent-height-scrolling\" style=\"--awb-border-radius-top-left:0px;--awb-border-radius-top-right:0px;--awb-border-radius-bottom-right:0px;--awb-border-radius-bottom-left:0px;--awb-background-color:#2e394b;--awb-flex-wrap:wrap;\" ><div class=\"fusion-builder-row fusion-row\"><div class=\"fusion-layout-column fusion_builder_column fusion-builder-column-0 fusion_builder_column_1_1 1_1 fusion-one-full fusion-column-first fusion-column-last\" style=\"--awb-bg-size:cover;--awb-margin-top:30px;\"><div class=\"fusion-column-wrapper fusion-column-has-shadow fusion-flex-column-wrapper-legacy\"><div class=\"fusion-title title fusion-title-1 fusion-sep-none fusion-title-center fusion-title-text fusion-title-size-one\" style=\"--awb-margin-top-small:10px;--awb-margin-right-small:0px;--awb-margin-bottom-small:10px;--awb-margin-left-small:0px;\"><h1 class=\"fusion-title-heading title-heading-center fusion-responsive-typography-calculated\" style=\"margin:0;--fontSize:38;line-height:1.16;\">Akademieteam<\/h1><\/div><div class=\"fusion-clearfix\"><\/div><\/div><\/div><\/div><\/div><div class=\"fusion-fullwidth fullwidth-box fusion-builder-row-2 fusion-flex-container has-pattern-background has-mask-background nonhundred-percent-fullwidth non-hundred-percent-height-scrolling\" style=\"--awb-border-radius-top-left:0px;--awb-border-radius-top-right:0px;--awb-border-radius-bottom-right:0px;--awb-border-radius-bottom-left:0px;--awb-margin-top:50px;--awb-flex-wrap:wrap;\" ><div class=\"fusion-builder-row fusion-row fusion-flex-align-items-flex-start fusion-flex-content-wrap\" style=\"max-width:calc( 1200px + 15px );margin-left: calc(-15px \/ 2 );margin-right: calc(-15px \/ 2 );\"><div class=\"fusion-layout-column fusion_builder_column fusion-builder-column-1 fusion_builder_column_1_3 1_3 fusion-flex-column\" style=\"--awb-bg-size:cover;--awb-width-large:33.3333333333%;--awb-margin-top-large:0px;--awb-spacing-right-large:30px;--awb-margin-bottom-large:20px;--awb-spacing-left-large:7.5px;--awb-width-medium:33.3333333333%;--awb-order-medium:0;--awb-spacing-right-medium:30px;--awb-spacing-left-medium:7.5px;--awb-width-small:100%;--awb-order-small:0;--awb-spacing-right-small:7.5px;--awb-spacing-left-small:7.5px;\"><div class=\"fusion-column-wrapper fusion-column-has-shadow fusion-flex-justify-content-flex-start fusion-content-layout-column\"><div class=\"fusion-image-element \" style=\"--awb-caption-title-font-family:var(--h2_typography-font-family);--awb-caption-title-font-weight:var(--h2_typography-font-weight);--awb-caption-title-font-style:var(--h2_typography-font-style);--awb-caption-title-size:var(--h2_typography-font-size);--awb-caption-title-transform:var(--h2_typography-text-transform);--awb-caption-title-line-height:var(--h2_typography-line-height);--awb-caption-title-letter-spacing:var(--h2_typography-letter-spacing);\"><span class=\" fusion-imageframe imageframe-dropshadow imageframe-1 hover-type-none\" style=\"border:15px solid #ffffff;-webkit-box-shadow: 3px 3px 7px rgba(0,0,0,0.3);box-shadow: 3px 3px 7px rgba(0,0,0,0.3);\"><img decoding=\"async\" width=\"732\" height=\"700\" title=\"Dirk W. Eilert\" src=\"https:\/\/eilert-akademie.com\/wp-content\/uploads\/2020\/09\/Dirk_Eilert_2.jpg\" alt class=\"img-responsive wp-image-7571\" srcset=\"https:\/\/eilert-akademie.com\/wp-content\/uploads\/2020\/09\/Dirk_Eilert_2-200x191.jpg 200w, https:\/\/eilert-akademie.com\/wp-content\/uploads\/2020\/09\/Dirk_Eilert_2-400x383.jpg 400w, https:\/\/eilert-akademie.com\/wp-content\/uploads\/2020\/09\/Dirk_Eilert_2-600x574.jpg 600w, https:\/\/eilert-akademie.com\/wp-content\/uploads\/2020\/09\/Dirk_Eilert_2.jpg 732w\" sizes=\"(max-width: 1024px) 100vw, (max-width: 640px) 100vw, 400px\" \/><\/span><\/div><div class=\"fusion-separator fusion-full-width-sep\" style=\"align-self: center;margin-left: auto;margin-right: auto;margin-top:20px;width:100%;\"><\/div><div class=\"fusion-image-element \" style=\"text-align:center;--awb-caption-title-font-family:var(--h2_typography-font-family);--awb-caption-title-font-weight:var(--h2_typography-font-weight);--awb-caption-title-font-style:var(--h2_typography-font-style);--awb-caption-title-size:var(--h2_typography-font-size);--awb-caption-title-transform:var(--h2_typography-text-transform);--awb-caption-title-line-height:var(--h2_typography-line-height);--awb-caption-title-letter-spacing:var(--h2_typography-letter-spacing);\"><span class=\" fusion-imageframe imageframe-none imageframe-2 hover-type-none\"><img decoding=\"async\" width=\"237\" height=\"130\" title=\"Professional Speaker\" src=\"https:\/\/eilert-akademie.com\/wp-content\/uploads\/2020\/09\/professional_speaker.png\" alt class=\"img-responsive wp-image-7590\" srcset=\"https:\/\/eilert-akademie.com\/wp-content\/uploads\/2020\/09\/professional_speaker-200x110.png 200w, https:\/\/eilert-akademie.com\/wp-content\/uploads\/2020\/09\/professional_speaker.png 237w\" sizes=\"(max-width: 1024px) 100vw, (max-width: 640px) 100vw, 237px\" \/><\/span><\/div><\/div><\/div><div class=\"fusion-layout-column fusion_builder_column fusion-builder-column-2 fusion_builder_column_1_2 1_2 fusion-flex-column\" style=\"--awb-bg-size:cover;--awb-width-large:50%;--awb-margin-top-large:0px;--awb-spacing-right-large:7.5px;--awb-margin-bottom-large:20px;--awb-spacing-left-large:7.5px;--awb-width-medium:66.6666666667%;--awb-order-medium:0;--awb-spacing-right-medium:7.5px;--awb-spacing-left-medium:7.5px;--awb-width-small:100%;--awb-order-small:0;--awb-spacing-right-small:7.5px;--awb-spacing-left-small:7.5px;\"><div class=\"fusion-column-wrapper fusion-column-has-shadow fusion-flex-justify-content-flex-start fusion-content-layout-column\"><div class=\"fusion-title title fusion-title-2 fusion-sep-none fusion-title-text fusion-title-size-one\" style=\"--awb-margin-top-small:10px;--awb-margin-right-small:0px;--awb-margin-bottom-small:10px;--awb-margin-left-small:0px;\"><h1 class=\"fusion-title-heading title-heading-left fusion-responsive-typography-calculated\" style=\"margin:0;--fontSize:38;line-height:1.16;\">Dr. Dirk W. Eilert<\/h1><\/div><div class=\"fusion-title title fusion-title-3 fusion-sep-none fusion-title-text fusion-title-size-four\" style=\"--awb-margin-top-small:10px;--awb-margin-right-small:0px;--awb-margin-bottom-small:10px;--awb-margin-left-small:0px;\"><h4 class=\"fusion-title-heading title-heading-left fusion-responsive-typography-calculated\" style=\"margin:0;--fontSize:20;line-height:1.36;\">Ph.D. Klinische Psychologie | Emotionsforscher | Leiter Eilert-Akademie | Br\u00fcckenbauer zwischen Emotionsforschung &amp; Praxis \u2013 f\u00fcr Coaching, Training &amp; Psychotherapie, damit Emotionen als Kraftquelle wirksam werden.<\/h4><\/div><div class=\"fusion-separator\" style=\"align-self: flex-start;margin-right:auto;margin-top:10px;margin-bottom:30px;width:100%;max-width:150px;\"><div class=\"fusion-separator-border sep-single\" style=\"--awb-height:20px;--awb-amount:20px;border-color:#95c11f;border-top-width:4px;\"><\/div><\/div><div class=\"fusion-text fusion-text-1\"><p>Emotionen pr\u00e4gen, wie wir denken, f\u00fchlen und handeln \u2013 doch was passiert, wenn ihre Verarbeitung aus dem Gleichgewicht ger\u00e4t?<\/p>\n<p>Seit \u00fcber 20 Jahren besch\u00e4ftige ich mich als Emotionsforscher mit dieser Frage \u2013 fundiert durch meinen Abschluss als Wirtschaftspsychologe (M.Sc.) und meine Promotion in Klinischer Psychologie (Ph.D.) an der Universit\u00e4t Innsbruck. Ein Schl\u00fcsselmoment war f\u00fcr mich eine gesundheitliche Ausnahmesituation: Im Juli 2022, unmittelbar vor Beginn meiner Promotion, riss mich ein unerwarteter medizinischer Notfall ins Koma. Diese Grenzerfahrung hat mich nicht nur pers\u00f6nlich tief gepr\u00e4gt, sondern mir vor Augen gef\u00fchrt, wie elementar die F\u00e4higkeit ist, unser inneres Erleben bewusst zu steuern, wenn das Leben selbst unkontrollierbar wird.<\/p>\n<p>Mit meinem C-FEP-Modell habe ich daraufhin ein wissenschaftlich fundiertes Framework entwickelt, das Emotionsverarbeitung als Kernprozess mentaler Gesundheit beschreibt \u2013 und zeigt, wie dysfunktionale Muster durch emotionsfokussierte Interventionen gezielt modulierbar sind.<\/p>\n<p>Ich verbinde klinische Forschung mit praxisnahen Anwendungen \u2013 in Psychotherapie und Gesundheitswesen, im Coaching zur F\u00f6rderung von Resilienz und pers\u00f6nlicher Entwicklung sowie im wirtschaftlichen und sportlichen Kontext zur St\u00e4rkung von Leistungsf\u00e4higkeit und mentaler St\u00e4rke. Ich bin \u00fcberzeugt: Mentale Gesundheit entsteht nicht allein durch das Verstehen von Emotionen, sondern durch die F\u00e4higkeit, Emotionsverarbeitung flexibel zu gestalten \u2013 intrapersonell (Impathie), interpersonell (Empathie), regulativ und expressiv.<\/p>\n<p>Als Gr\u00fcnder und Leiter der Eilert-Akademie bilde ich seit \u00fcber 20 Jahren Emotionscoaches und Psychotherapeut:innen in emotionsfokussierten Methoden aus. Neben meiner Lehrtrainer- und Forschungst\u00e4tigkeit bin ich als Speaker auf Kongressen und Veranstaltungen unterwegs, um meine Vision einer neuen Emotionskultur in Gesellschaft, Wirtschaft, Sport und Gesundheitswesen zu teilen.<\/p>\n<p>Denn: Emotionen ber\u00fchren uns \u2013 doch erst die Art, wie wir sie verarbeiten, entscheidet, ob sie uns blockieren oder st\u00e4rken.<\/p>\n<\/div><div class=\"fusion-separator fusion-full-width-sep\" style=\"align-self: center;margin-left: auto;margin-right: auto;margin-top:20px;width:100%;\"><\/div><\/div><\/div><div class=\"fusion-layout-column fusion_builder_column fusion-builder-column-3 awb-sticky awb-sticky-small awb-sticky-medium awb-sticky-large fusion_builder_column_1_6 1_6 fusion-flex-column\" style=\"--awb-bg-size:cover;--awb-width-large:16.6666666667%;--awb-margin-top-large:0px;--awb-spacing-right-large:7.5px;--awb-margin-bottom-large:20px;--awb-spacing-left-large:7.5px;--awb-width-medium:100%;--awb-order-medium:0;--awb-spacing-right-medium:7.5px;--awb-spacing-left-medium:7.5px;--awb-width-small:100%;--awb-order-small:0;--awb-spacing-right-small:7.5px;--awb-spacing-left-small:7.5px;--awb-sticky-offset:190px;\"><div class=\"fusion-column-wrapper fusion-column-has-shadow fusion-flex-justify-content-flex-start fusion-content-layout-column\"><div class=\"fusion-title title fusion-title-4 fusion-sep-none fusion-title-text fusion-title-size-four\" style=\"--awb-margin-top-small:10px;--awb-margin-right-small:0px;--awb-margin-bottom-small:10px;--awb-margin-left-small:0px;--awb-font-size:20px;\"><h4 class=\"fusion-title-heading title-heading-left fusion-responsive-typography-calculated\" style=\"margin:0;font-size:1em;--fontSize:20;line-height:1.36;\">Akademieteam<\/h4><\/div><div class=\"fusion-widget fusion-widget-element fusion-widget-area fusion-content-widget-area wpWidget-1 fusion_widget_vertical_menu\" style=\"--awb-fusion-border-size:1px;--awb-fusion-bg-color:#f9f9fb;--awb-fusion-border-color:#e8e8e8;--awb-fusion-border-style:solid;--awb-fusion-divider-color:#e8e8e8;\"><div class=\"widget avada_vertical_menu\"><style>#fusion-vertical-menu-widget-avada-vertical-menu-widget-1-nav ul.menu li a {font-size:14px;}<\/style><nav id=\"fusion-vertical-menu-widget-avada-vertical-menu-widget-1-nav\" class=\"fusion-vertical-menu-widget fusion-menu hover left no-border\" aria-label=\"Secondary Navigation: Akademieteam\"><ul id=\"menu-team-at\" class=\"menu\"><li id=\"menu-item-8606\" class=\"menu-item menu-item-type-post_type menu-item-object-page menu-item-8606\"><a href=\"https:\/\/eilert-akademie.com\/at\/dirk-w-eilert\/\"><span class=\"link-text\"> Dr. Dirk W. Eilert<\/span><span class=\"arrow\"><\/span><\/a><\/li><li id=\"menu-item-8613\" class=\"menu-item menu-item-type-post_type menu-item-object-page menu-item-8613\"><a href=\"https:\/\/eilert-akademie.com\/at\/ute-eilert\/\"><span class=\"link-text\"> Ute Eilert<\/span><span class=\"arrow\"><\/span><\/a><\/li><li id=\"menu-item-8614\" class=\"menu-item menu-item-type-post_type menu-item-object-page menu-item-8614\"><a href=\"https:\/\/eilert-akademie.com\/at\/michaela-beier\/\"><span class=\"link-text\"> Michaela Beier<\/span><span class=\"arrow\"><\/span><\/a><\/li><li id=\"menu-item-8609\" class=\"menu-item menu-item-type-post_type menu-item-object-page menu-item-8609\"><a href=\"https:\/\/eilert-akademie.com\/at\/philipp-mensah\/\"><span class=\"link-text\"> Philipp Mensah<\/span><span class=\"arrow\"><\/span><\/a><\/li><li id=\"menu-item-14399\" class=\"menu-item menu-item-type-post_type menu-item-object-page menu-item-14399\"><a href=\"https:\/\/eilert-akademie.com\/at\/vanessa-seibert\/\"><span class=\"link-text\"> Vanessa Seibert<\/span><span class=\"arrow\"><\/span><\/a><\/li><li id=\"menu-item-17491\" class=\"menu-item menu-item-type-post_type menu-item-object-page menu-item-17491\"><a href=\"https:\/\/eilert-akademie.com\/at\/mia-quick\/\"><span class=\"link-text\"> Mia Quick<\/span><span class=\"arrow\"><\/span><\/a><\/li><li id=\"menu-item-8607\" class=\"menu-item menu-item-type-post_type menu-item-object-page menu-item-8607\"><a href=\"https:\/\/eilert-akademie.com\/at\/dr-damir-del-monte\/\"><span class=\"link-text\"> Dr. Dr. Damir del Monte<\/span><span class=\"arrow\"><\/span><\/a><\/li><li id=\"menu-item-8615\" class=\"menu-item menu-item-type-post_type menu-item-object-page menu-item-8615\"><a href=\"https:\/\/eilert-akademie.com\/at\/mike-werder\/\"><span class=\"link-text\"> Mike Werder<\/span><span class=\"arrow\"><\/span><\/a><\/li><li id=\"menu-item-8604\" class=\"menu-item menu-item-type-post_type menu-item-object-page menu-item-8604\"><a href=\"https:\/\/eilert-akademie.com\/at\/corinne-nowak\/\"><span class=\"link-text\"> Corinne Nowak<\/span><span class=\"arrow\"><\/span><\/a><\/li><\/ul><\/nav><\/div><\/div><\/div><\/div><\/div><\/div><\/p>\n","protected":false},"excerpt":{"rendered":"","protected":false},"author":1,"featured_media":0,"parent":0,"menu_order":0,"comment_status":"closed","ping_status":"closed","template":"100-width.php","meta":{"_acf_changed":false,"footnotes":""},"class_list":["post-7589","page","type-page","status-publish","hentry"],"acf":[],"yoast_head":"<!-- This site is optimized with the Yoast SEO plugin v27.5 - https:\/\/yoast.com\/product\/yoast-seo-wordpress\/ -->\n<title>Dirk W. Eilert ist Experte f\u00fcr Emotionen und deren B\u00fchne: die Mimik<\/title>\n<meta name=\"description\" content=\"Dirk W. Eilert ist Experte f\u00fcr Emotionen, GSA Certified Speaking Professional, Buchautor, Entwickler von Mimikresonanz, emTrace und Mesource.\" \/>\n<meta name=\"robots\" content=\"index, follow, max-snippet:-1, max-image-preview:large, max-video-preview:-1\" \/>\n<link rel=\"canonical\" href=\"https:\/\/eilert-akademie.com\/at\/dirk-w-eilert\/\" \/>\n<meta property=\"og:locale\" content=\"de_DE\" \/>\n<meta property=\"og:type\" content=\"article\" \/>\n<meta property=\"og:title\" content=\"Dirk W. Eilert ist Experte f\u00fcr Emotionen und deren B\u00fchne: die Mimik\" \/>\n<meta property=\"og:description\" content=\"Dirk W. Eilert ist Experte f\u00fcr Emotionen, GSA Certified Speaking Professional, Buchautor, Entwickler von Mimikresonanz, emTrace und Mesource.\" \/>\n<meta property=\"og:url\" content=\"https:\/\/eilert-akademie.com\/at\/dirk-w-eilert\/\" \/>\n<meta property=\"og:site_name\" content=\"Eilert-Akademie | The Science of Emotions\" \/>\n<meta property=\"article:publisher\" content=\"https:\/\/www.facebook.com\/EilertAkademie\" \/>\n<meta property=\"article:modified_time\" content=\"2025-08-22T08:09:59+00:00\" \/>\n<meta name=\"twitter:card\" content=\"summary_large_image\" \/>\n<meta name=\"twitter:site\" content=\"@EilertAkademie\" \/>\n<meta name=\"twitter:label1\" content=\"Gesch\u00e4tzte Lesezeit\" \/>\n\t<meta name=\"twitter:data1\" content=\"8 Minuten\" \/>\n<script type=\"application\/ld+json\" class=\"yoast-schema-graph\">{\"@context\":\"https:\\\/\\\/schema.org\",\"@graph\":[{\"@type\":\"WebPage\",\"@id\":\"https:\\\/\\\/eilert-akademie.com\\\/at\\\/dirk-w-eilert\\\/\",\"url\":\"https:\\\/\\\/eilert-akademie.com\\\/at\\\/dirk-w-eilert\\\/\",\"name\":\"Dirk W. Eilert ist Experte f\u00fcr Emotionen und deren B\u00fchne: die Mimik\",\"isPartOf\":{\"@id\":\"https:\\\/\\\/eilert-akademie.com\\\/at\\\/#website\"},\"datePublished\":\"2020-09-18T13:42:01+00:00\",\"dateModified\":\"2025-08-22T08:09:59+00:00\",\"description\":\"Dirk W. Eilert ist Experte f\u00fcr Emotionen, GSA Certified Speaking Professional, Buchautor, Entwickler von Mimikresonanz, emTrace und Mesource.\",\"breadcrumb\":{\"@id\":\"https:\\\/\\\/eilert-akademie.com\\\/at\\\/dirk-w-eilert\\\/#breadcrumb\"},\"inLanguage\":\"de-AT\",\"potentialAction\":[{\"@type\":\"ReadAction\",\"target\":[\"https:\\\/\\\/eilert-akademie.com\\\/at\\\/dirk-w-eilert\\\/\"]}]},{\"@type\":\"BreadcrumbList\",\"@id\":\"https:\\\/\\\/eilert-akademie.com\\\/at\\\/dirk-w-eilert\\\/#breadcrumb\",\"itemListElement\":[{\"@type\":\"ListItem\",\"position\":1,\"name\":\"Startseite\",\"item\":\"https:\\\/\\\/eilert-akademie.com\\\/at\\\/\"},{\"@type\":\"ListItem\",\"position\":2,\"name\":\"Dr. Dirk W. Eilert\"}]},{\"@type\":\"WebSite\",\"@id\":\"https:\\\/\\\/eilert-akademie.com\\\/at\\\/#website\",\"url\":\"https:\\\/\\\/eilert-akademie.com\\\/at\\\/\",\"name\":\"Eilert-Akademie | The Science of Emotions\",\"description\":\"Ausbildung zum emTrace-Coach, zum Mimikresonanz-Trainer und zum Mesource-Facilitator. Mit drei S\u00e4ulen zum Experten f\u00fcr emotionale Intelligenz.\",\"publisher\":{\"@id\":\"https:\\\/\\\/eilert-akademie.com\\\/at\\\/#organization\"},\"potentialAction\":[{\"@type\":\"SearchAction\",\"target\":{\"@type\":\"EntryPoint\",\"urlTemplate\":\"https:\\\/\\\/eilert-akademie.com\\\/at\\\/?s={search_term_string}\"},\"query-input\":{\"@type\":\"PropertyValueSpecification\",\"valueRequired\":true,\"valueName\":\"search_term_string\"}}],\"inLanguage\":\"de-AT\"},{\"@type\":\"Organization\",\"@id\":\"https:\\\/\\\/eilert-akademie.com\\\/at\\\/#organization\",\"name\":\"Eilert-Akademie\",\"url\":\"https:\\\/\\\/eilert-akademie.com\\\/at\\\/\",\"logo\":{\"@type\":\"ImageObject\",\"inLanguage\":\"de-AT\",\"@id\":\"https:\\\/\\\/eilert-akademie.com\\\/at\\\/#\\\/schema\\\/logo\\\/image\\\/\",\"url\":\"https:\\\/\\\/eilert-akademie.com\\\/wp-content\\\/uploads\\\/2020\\\/07\\\/eilert-akademie-logo.png\",\"contentUrl\":\"https:\\\/\\\/eilert-akademie.com\\\/wp-content\\\/uploads\\\/2020\\\/07\\\/eilert-akademie-logo.png\",\"width\":326,\"height\":112,\"caption\":\"Eilert-Akademie\"},\"image\":{\"@id\":\"https:\\\/\\\/eilert-akademie.com\\\/at\\\/#\\\/schema\\\/logo\\\/image\\\/\"},\"sameAs\":[\"https:\\\/\\\/www.facebook.com\\\/EilertAkademie\",\"https:\\\/\\\/x.com\\\/EilertAkademie\",\"https:\\\/\\\/www.instagram.com\\\/eilertakademie\\\/\",\"https:\\\/\\\/de.wikipedia.org\\\/wiki\\\/Dirk_Eilert\"]}]}<\/script>\n<!-- \/ Yoast SEO plugin. -->","yoast_head_json":{"title":"Dirk W. Eilert ist Experte f\u00fcr Emotionen und deren B\u00fchne: die Mimik","description":"Dirk W. Eilert ist Experte f\u00fcr Emotionen, GSA Certified Speaking Professional, Buchautor, Entwickler von Mimikresonanz, emTrace und Mesource.","robots":{"index":"index","follow":"follow","max-snippet":"max-snippet:-1","max-image-preview":"max-image-preview:large","max-video-preview":"max-video-preview:-1"},"canonical":"https:\/\/eilert-akademie.com\/at\/dirk-w-eilert\/","og_locale":"de_DE","og_type":"article","og_title":"Dirk W. Eilert ist Experte f\u00fcr Emotionen und deren B\u00fchne: die Mimik","og_description":"Dirk W. Eilert ist Experte f\u00fcr Emotionen, GSA Certified Speaking Professional, Buchautor, Entwickler von Mimikresonanz, emTrace und Mesource.","og_url":"https:\/\/eilert-akademie.com\/at\/dirk-w-eilert\/","og_site_name":"Eilert-Akademie | The Science of Emotions","article_publisher":"https:\/\/www.facebook.com\/EilertAkademie","article_modified_time":"2025-08-22T08:09:59+00:00","twitter_card":"summary_large_image","twitter_site":"@EilertAkademie","twitter_misc":{"Gesch\u00e4tzte Lesezeit":"8 Minuten"},"schema":{"@context":"https:\/\/schema.org","@graph":[{"@type":"WebPage","@id":"https:\/\/eilert-akademie.com\/at\/dirk-w-eilert\/","url":"https:\/\/eilert-akademie.com\/at\/dirk-w-eilert\/","name":"Dirk W. Eilert ist Experte f\u00fcr Emotionen und deren B\u00fchne: die Mimik","isPartOf":{"@id":"https:\/\/eilert-akademie.com\/at\/#website"},"datePublished":"2020-09-18T13:42:01+00:00","dateModified":"2025-08-22T08:09:59+00:00","description":"Dirk W. Eilert ist Experte f\u00fcr Emotionen, GSA Certified Speaking Professional, Buchautor, Entwickler von Mimikresonanz, emTrace und Mesource.","breadcrumb":{"@id":"https:\/\/eilert-akademie.com\/at\/dirk-w-eilert\/#breadcrumb"},"inLanguage":"de-AT","potentialAction":[{"@type":"ReadAction","target":["https:\/\/eilert-akademie.com\/at\/dirk-w-eilert\/"]}]},{"@type":"BreadcrumbList","@id":"https:\/\/eilert-akademie.com\/at\/dirk-w-eilert\/#breadcrumb","itemListElement":[{"@type":"ListItem","position":1,"name":"Startseite","item":"https:\/\/eilert-akademie.com\/at\/"},{"@type":"ListItem","position":2,"name":"Dr. Dirk W. Eilert"}]},{"@type":"WebSite","@id":"https:\/\/eilert-akademie.com\/at\/#website","url":"https:\/\/eilert-akademie.com\/at\/","name":"Eilert-Akademie | The Science of Emotions","description":"Ausbildung zum emTrace-Coach, zum Mimikresonanz-Trainer und zum Mesource-Facilitator. Mit drei S\u00e4ulen zum Experten f\u00fcr emotionale Intelligenz.","publisher":{"@id":"https:\/\/eilert-akademie.com\/at\/#organization"},"potentialAction":[{"@type":"SearchAction","target":{"@type":"EntryPoint","urlTemplate":"https:\/\/eilert-akademie.com\/at\/?s={search_term_string}"},"query-input":{"@type":"PropertyValueSpecification","valueRequired":true,"valueName":"search_term_string"}}],"inLanguage":"de-AT"},{"@type":"Organization","@id":"https:\/\/eilert-akademie.com\/at\/#organization","name":"Eilert-Akademie","url":"https:\/\/eilert-akademie.com\/at\/","logo":{"@type":"ImageObject","inLanguage":"de-AT","@id":"https:\/\/eilert-akademie.com\/at\/#\/schema\/logo\/image\/","url":"https:\/\/eilert-akademie.com\/wp-content\/uploads\/2020\/07\/eilert-akademie-logo.png","contentUrl":"https:\/\/eilert-akademie.com\/wp-content\/uploads\/2020\/07\/eilert-akademie-logo.png","width":326,"height":112,"caption":"Eilert-Akademie"},"image":{"@id":"https:\/\/eilert-akademie.com\/at\/#\/schema\/logo\/image\/"},"sameAs":["https:\/\/www.facebook.com\/EilertAkademie","https:\/\/x.com\/EilertAkademie","https:\/\/www.instagram.com\/eilertakademie\/","https:\/\/de.wikipedia.org\/wiki\/Dirk_Eilert"]}]}},"post_mailing_queue_ids":[],"_links":{"self":[{"href":"https:\/\/eilert-akademie.com\/at\/wp-json\/wp\/v2\/pages\/7589","targetHints":{"allow":["GET"]}}],"collection":[{"href":"https:\/\/eilert-akademie.com\/at\/wp-json\/wp\/v2\/pages"}],"about":[{"href":"https:\/\/eilert-akademie.com\/at\/wp-json\/wp\/v2\/types\/page"}],"author":[{"embeddable":true,"href":"https:\/\/eilert-akademie.com\/at\/wp-json\/wp\/v2\/users\/1"}],"replies":[{"embeddable":true,"href":"https:\/\/eilert-akademie.com\/at\/wp-json\/wp\/v2\/comments?post=7589"}],"version-history":[{"count":10,"href":"https:\/\/eilert-akademie.com\/at\/wp-json\/wp\/v2\/pages\/7589\/revisions"}],"predecessor-version":[{"id":21215,"href":"https:\/\/eilert-akademie.com\/at\/wp-json\/wp\/v2\/pages\/7589\/revisions\/21215"}],"wp:attachment":[{"href":"https:\/\/eilert-akademie.com\/at\/wp-json\/wp\/v2\/media?parent=7589"}],"curies":[{"name":"wp","href":"https:\/\/api.w.org\/{rel}","templated":true}]}}