{"id":7613,"date":"2020-09-17T16:54:35","date_gmt":"2020-09-17T14:54:35","guid":{"rendered":"https:\/\/eilert-akademie.com\/michaela-beier\/"},"modified":"2026-04-30T13:36:17","modified_gmt":"2026-04-30T11:36:17","slug":"michaela-beier","status":"publish","type":"page","link":"https:\/\/eilert-akademie.com\/at\/michaela-beier\/","title":{"rendered":"Michaela Beier"},"content":{"rendered":"<p><div class=\"fusion-fullwidth fullwidth-box fusion-builder-row-1 nonhundred-percent-fullwidth non-hundred-percent-height-scrolling\" style=\"--awb-border-radius-top-left:0px;--awb-border-radius-top-right:0px;--awb-border-radius-bottom-right:0px;--awb-border-radius-bottom-left:0px;--awb-background-color:#2e394b;--awb-flex-wrap:wrap;\" ><div class=\"fusion-builder-row fusion-row\"><div class=\"fusion-layout-column fusion_builder_column fusion-builder-column-0 fusion_builder_column_1_1 1_1 fusion-one-full fusion-column-first fusion-column-last\" style=\"--awb-bg-size:cover;--awb-margin-top:30px;\"><div class=\"fusion-column-wrapper fusion-column-has-shadow fusion-flex-column-wrapper-legacy\"><div class=\"fusion-title title fusion-title-1 fusion-sep-none fusion-title-center fusion-title-text fusion-title-size-one\" style=\"--awb-margin-top-small:10px;--awb-margin-right-small:0px;--awb-margin-bottom-small:10px;--awb-margin-left-small:0px;\"><h1 class=\"fusion-title-heading title-heading-center fusion-responsive-typography-calculated\" style=\"margin:0;--fontSize:38;line-height:1.16;\">Akademieteam<\/h1><\/div><div class=\"fusion-clearfix\"><\/div><\/div><\/div><\/div><\/div><div class=\"fusion-fullwidth fullwidth-box fusion-builder-row-2 nonhundred-percent-fullwidth non-hundred-percent-height-scrolling fusion-no-small-visibility fusion-no-medium-visibility fusion-sticky-container fusion-absolute-container fusion-absolute-position-large\" style=\"--awb-border-radius-top-left:0px;--awb-border-radius-top-right:0px;--awb-border-radius-bottom-right:0px;--awb-border-radius-bottom-left:0px;--awb-margin-top:50px;--awb-flex-wrap:wrap;\" data-transition-offset=\"327\" data-sticky-offset=\".fusion-sticky-header-wrapper\" data-scroll-offset=\"0\" data-sticky-large-visibility=\"1\" ><div class=\"fusion-builder-row fusion-row\"><div class=\"fusion-layout-column fusion_builder_column fusion-builder-column-1 fusion_builder_column_5_6 5_6 fusion-five-sixth fusion-column-first\" style=\"--awb-bg-size:cover;width:83.3333333333%;width:calc(83.3333333333% - ( ( 4% ) * 0.833333333333 ) );margin-right: 4%;\"><div class=\"fusion-column-wrapper fusion-column-has-shadow fusion-flex-column-wrapper-legacy\"><div class=\"fusion-clearfix\"><\/div><\/div><\/div><div class=\"fusion-layout-column fusion_builder_column fusion-builder-column-2 fusion_builder_column_1_6 1_6 fusion-one-sixth fusion-column-last\" style=\"--awb-bg-size:cover;width:16.6666666667%;width:calc(16.6666666667% - ( ( 4% ) * 0.166666666667 ) );\"><div class=\"fusion-column-wrapper fusion-column-has-shadow fusion-flex-column-wrapper-legacy\"><div class=\"fusion-title title fusion-title-2 fusion-sep-none fusion-title-text fusion-title-size-four\" style=\"--awb-margin-top-small:10px;--awb-margin-right-small:0px;--awb-margin-bottom-small:10px;--awb-margin-left-small:0px;--awb-font-size:20px;\"><h4 class=\"fusion-title-heading title-heading-left fusion-responsive-typography-calculated\" style=\"margin:0;font-size:1em;--fontSize:20;line-height:1.36;\">Akademieteam<\/h4><\/div><div class=\"fusion-widget fusion-widget-element fusion-widget-area fusion-content-widget-area wpWidget-1 fusion_widget_vertical_menu\" style=\"--awb-fusion-border-size:1px;--awb-fusion-bg-color:#f9f9fb;--awb-fusion-border-color:#e8e8e8;--awb-fusion-border-style:solid;--awb-fusion-divider-color:#e8e8e8;\"><div class=\"widget avada_vertical_menu\"><style>#fusion-vertical-menu-widget-avada-vertical-menu-widget-1-nav ul.menu li a {font-size:14px;}<\/style><nav id=\"fusion-vertical-menu-widget-avada-vertical-menu-widget-1-nav\" class=\"fusion-vertical-menu-widget fusion-menu hover left no-border\" aria-label=\"Secondary Navigation: Akademieteam\"><ul id=\"menu-team-at\" class=\"menu\"><li id=\"menu-item-8606\" class=\"menu-item menu-item-type-post_type menu-item-object-page menu-item-8606\"><a href=\"https:\/\/eilert-akademie.com\/at\/dirk-w-eilert\/\"><span class=\"link-text\"> Dr. Dirk W. Eilert<\/span><span class=\"arrow\"><\/span><\/a><\/li><li id=\"menu-item-8613\" class=\"menu-item menu-item-type-post_type menu-item-object-page menu-item-8613\"><a href=\"https:\/\/eilert-akademie.com\/at\/ute-eilert\/\"><span class=\"link-text\"> Ute Eilert<\/span><span class=\"arrow\"><\/span><\/a><\/li><li id=\"menu-item-8614\" class=\"menu-item menu-item-type-post_type menu-item-object-page menu-item-8614\"><a href=\"https:\/\/eilert-akademie.com\/at\/michaela-beier\/\"><span class=\"link-text\"> Michaela Beier<\/span><span class=\"arrow\"><\/span><\/a><\/li><li id=\"menu-item-8609\" class=\"menu-item menu-item-type-post_type menu-item-object-page menu-item-8609\"><a href=\"https:\/\/eilert-akademie.com\/at\/philipp-mensah\/\"><span class=\"link-text\"> Philipp Mensah<\/span><span class=\"arrow\"><\/span><\/a><\/li><li id=\"menu-item-14399\" class=\"menu-item menu-item-type-post_type menu-item-object-page menu-item-14399\"><a href=\"https:\/\/eilert-akademie.com\/at\/vanessa-seibert\/\"><span class=\"link-text\"> Vanessa Seibert<\/span><span class=\"arrow\"><\/span><\/a><\/li><li id=\"menu-item-17491\" class=\"menu-item menu-item-type-post_type menu-item-object-page menu-item-17491\"><a href=\"https:\/\/eilert-akademie.com\/at\/mia-quick\/\"><span class=\"link-text\"> Mia Quick<\/span><span class=\"arrow\"><\/span><\/a><\/li><li id=\"menu-item-8607\" class=\"menu-item menu-item-type-post_type menu-item-object-page menu-item-8607\"><a href=\"https:\/\/eilert-akademie.com\/at\/dr-damir-del-monte\/\"><span class=\"link-text\"> Dr. Dr. Damir del Monte<\/span><span class=\"arrow\"><\/span><\/a><\/li><li id=\"menu-item-8615\" class=\"menu-item menu-item-type-post_type menu-item-object-page menu-item-8615\"><a href=\"https:\/\/eilert-akademie.com\/at\/mike-werder\/\"><span class=\"link-text\"> Mike Werder<\/span><span class=\"arrow\"><\/span><\/a><\/li><li id=\"menu-item-8604\" class=\"menu-item menu-item-type-post_type menu-item-object-page menu-item-8604\"><a href=\"https:\/\/eilert-akademie.com\/at\/corinne-nowak\/\"><span class=\"link-text\"> Corinne Nowak<\/span><span class=\"arrow\"><\/span><\/a><\/li><\/ul><\/nav><\/div><\/div><div class=\"fusion-clearfix\"><\/div><\/div><\/div><\/div><\/div><div class=\"fusion-fullwidth fullwidth-box fusion-builder-row-3 nonhundred-percent-fullwidth non-hundred-percent-height-scrolling\" style=\"--awb-border-radius-top-left:0px;--awb-border-radius-top-right:0px;--awb-border-radius-bottom-right:0px;--awb-border-radius-bottom-left:0px;--awb-margin-top:50px;--awb-flex-wrap:wrap;\" ><div class=\"fusion-builder-row fusion-row\"><div class=\"fusion-layout-column fusion_builder_column fusion-builder-column-3 fusion_builder_column_1_3 1_3 fusion-one-third fusion-column-first\" style=\"--awb-bg-size:cover;width:33.3333333333%;width:calc(33.3333333333% - ( ( 4% + 4% ) * 0.333333333333 ) );margin-right: 4%;\"><div class=\"fusion-column-wrapper fusion-column-has-shadow fusion-flex-column-wrapper-legacy\"><div class=\"fusion-image-element in-legacy-container\" style=\"--awb-caption-title-font-family:var(--h2_typography-font-family);--awb-caption-title-font-weight:var(--h2_typography-font-weight);--awb-caption-title-font-style:var(--h2_typography-font-style);--awb-caption-title-size:var(--h2_typography-font-size);--awb-caption-title-transform:var(--h2_typography-text-transform);--awb-caption-title-line-height:var(--h2_typography-line-height);--awb-caption-title-letter-spacing:var(--h2_typography-letter-spacing);\"><span class=\" fusion-imageframe imageframe-dropshadow imageframe-1 hover-type-none\" style=\"border:15px solid #ffffff;-webkit-box-shadow: 3px 3px 7px rgba(0,0,0,0.3);box-shadow: 3px 3px 7px rgba(0,0,0,0.3);\"><img decoding=\"async\" width=\"732\" height=\"700\" alt=\"Michaela Beier\" title=\"Michaela Beier\" src=\"https:\/\/eilert-akademie.com\/wp-content\/uploads\/2026\/04\/Michaela26.jpg\" class=\"img-responsive wp-image-22818\" srcset=\"https:\/\/eilert-akademie.com\/wp-content\/uploads\/2026\/04\/Michaela26-200x191.jpg 200w, https:\/\/eilert-akademie.com\/wp-content\/uploads\/2026\/04\/Michaela26-400x383.jpg 400w, https:\/\/eilert-akademie.com\/wp-content\/uploads\/2026\/04\/Michaela26-600x574.jpg 600w, https:\/\/eilert-akademie.com\/wp-content\/uploads\/2026\/04\/Michaela26.jpg 732w\" sizes=\"(max-width: 800px) 100vw, 400px\" \/><\/span><\/div><div class=\"fusion-clearfix\"><\/div><\/div><\/div><div class=\"fusion-layout-column fusion_builder_column fusion-builder-column-4 fusion_builder_column_1_2 1_2 fusion-one-half\" style=\"--awb-bg-size:cover;width:50%;width:calc(50% - ( ( 4% + 4% ) * 0.5 ) );margin-right: 4%;\"><div class=\"fusion-column-wrapper fusion-column-has-shadow fusion-flex-column-wrapper-legacy\"><div class=\"fusion-title title fusion-title-3 fusion-sep-none fusion-title-text fusion-title-size-one\" style=\"--awb-margin-top-small:10px;--awb-margin-right-small:0px;--awb-margin-bottom-small:10px;--awb-margin-left-small:0px;\"><h1 class=\"fusion-title-heading title-heading-left fusion-responsive-typography-calculated\" style=\"margin:0;--fontSize:38;line-height:1.16;\">Michaela Beier<\/h1><\/div><div class=\"fusion-sep-clear\"><\/div><div class=\"fusion-separator fusion-clearfix\" style=\"float:left;margin-top:10px;margin-bottom:30px;width:100%;max-width:150px;\"><div class=\"fusion-separator-border sep-single\" style=\"--awb-height:20px;--awb-amount:20px;border-color:#95c11f;border-top-width:4px;\"><\/div><\/div><div class=\"fusion-sep-clear\"><\/div><div class=\"fusion-text fusion-text-1\"><p>W\u00e4hrend meiner T\u00e4tigkeit in der Hotelbranche wurde nicht nur meine G\u00e4ste- und Serviceorientierung enorm gepr\u00e4gt, sondern auch meine Leidenschaft f\u00fcr das Wohlbefinden meiner G\u00e4ste. Meine intuitive St\u00e4rke die Mimik unserer G\u00e4ste zu lesen, hat mich dabei sehr unterst\u00fctzt.<\/p>\n<p>Die vergangenen Jahre haben mir gezeigt, dass ich mit meiner sympathisch freundlichen Art zu einer hohen G\u00e4stezufriedenheit beitragen konnte.<\/p>\n<p>Jetzt ist es an der Zeit mit all dem Wissen und F\u00e4higkeiten noch einmal eine neue Herausforderung anzunehmen, da ich f\u00fcr meine Person alle gesteckten Ziele in der Hotelbranche bereits erreicht habe und gerne einen erfrischend neuen Weg gehen m\u00f6chte.<\/p>\n<p>Daher bin ich seit Anfang August 2019 in der Eilert-Akademie, um mein Wissen zu vertiefen und die W\u00fcnsche unserer Teilnehmer zu erf\u00fcllen.<\/p>\n<\/div><div class=\"fusion-title title fusion-title-4 fusion-sep-none fusion-title-text fusion-title-size-four\" style=\"--awb-margin-top-small:10px;--awb-margin-right-small:0px;--awb-margin-bottom-small:10px;--awb-margin-left-small:0px;\"><h4 class=\"fusion-title-heading title-heading-left fusion-responsive-typography-calculated\" style=\"margin:0;--fontSize:20;line-height:1.36;\">Qualifikationen:<\/h4><\/div><ul style=\"--awb-iconcolor:#95c11f;--awb-line-height:27.2px;--awb-icon-width:27.2px;--awb-icon-height:27.2px;--awb-icon-margin:11.2px;--awb-content-margin:38.4px;\" class=\"fusion-checklist fusion-checklist-1 fusion-checklist-default type-icons\"><li class=\"fusion-li-item\" style=\"\"><span class=\"icon-wrapper circle-no\"><i class=\"fusion-li-icon fa-angle-right fas\" aria-hidden=\"true\"><\/i><\/span><div class=\"fusion-li-item-content\">\n<p>emTrace<sup>\u00ae<\/sup>-Coach<\/p>\n<\/div><\/li><li class=\"fusion-li-item\" style=\"\"><span class=\"icon-wrapper circle-no\"><i class=\"fusion-li-icon fa-angle-right fas\" aria-hidden=\"true\"><\/i><\/span><div class=\"fusion-li-item-content\">Mesource<sup>\u00ae<\/sup>-Resilienzcoach<\/div><\/li><li class=\"fusion-li-item\" style=\"\"><span class=\"icon-wrapper circle-no\"><i class=\"fusion-li-icon fa-angle-right fas\" aria-hidden=\"true\"><\/i><\/span><div class=\"fusion-li-item-content\">Mimikresonanz<sup>\u00ae<\/sup>-Berater<\/div><\/li><\/ul><div class=\"fusion-clearfix\"><\/div><\/div><\/div><div class=\"fusion-layout-column fusion_builder_column fusion-builder-column-5 fusion_builder_column_1_6 1_6 fusion-one-sixth fusion-column-last fusion-no-large-visibility\" style=\"--awb-bg-size:cover;width:16.6666666667%;width:calc(16.6666666667% - ( ( 4% + 4% ) * 0.166666666667 ) );\"><div class=\"fusion-column-wrapper fusion-column-has-shadow fusion-flex-column-wrapper-legacy\"><div class=\"fusion-title title fusion-title-5 fusion-sep-none fusion-title-text fusion-title-size-four\" style=\"--awb-margin-top-small:10px;--awb-margin-right-small:0px;--awb-margin-bottom-small:10px;--awb-margin-left-small:0px;--awb-font-size:20px;\"><h4 class=\"fusion-title-heading title-heading-left fusion-responsive-typography-calculated\" style=\"margin:0;font-size:1em;--fontSize:20;line-height:1.36;\">Akademieteam<\/h4><\/div><div class=\"fusion-widget fusion-widget-element fusion-widget-area fusion-content-widget-area wpWidget-2 fusion_widget_vertical_menu\" style=\"--awb-fusion-border-size:1px;--awb-fusion-bg-color:#f9f9fb;--awb-fusion-border-color:#e8e8e8;--awb-fusion-border-style:solid;--awb-fusion-divider-color:#e8e8e8;\"><div class=\"widget avada_vertical_menu\"><style>#fusion-vertical-menu-widget-avada-vertical-menu-widget-2-nav ul.menu li a {font-size:14px;}<\/style><nav id=\"fusion-vertical-menu-widget-avada-vertical-menu-widget-2-nav\" class=\"fusion-vertical-menu-widget fusion-menu hover left no-border\" aria-label=\"Secondary Navigation: Akademieteam\"><ul id=\"menu-team-at-1\" class=\"menu\"><li class=\"menu-item menu-item-type-post_type menu-item-object-page menu-item-8606\"><a href=\"https:\/\/eilert-akademie.com\/at\/dirk-w-eilert\/\"><span class=\"link-text\"> Dr. Dirk W. Eilert<\/span><span class=\"arrow\"><\/span><\/a><\/li><li class=\"menu-item menu-item-type-post_type menu-item-object-page menu-item-8613\"><a href=\"https:\/\/eilert-akademie.com\/at\/ute-eilert\/\"><span class=\"link-text\"> Ute Eilert<\/span><span class=\"arrow\"><\/span><\/a><\/li><li class=\"menu-item menu-item-type-post_type menu-item-object-page menu-item-8614\"><a href=\"https:\/\/eilert-akademie.com\/at\/michaela-beier\/\"><span class=\"link-text\"> Michaela Beier<\/span><span class=\"arrow\"><\/span><\/a><\/li><li class=\"menu-item menu-item-type-post_type menu-item-object-page menu-item-8609\"><a href=\"https:\/\/eilert-akademie.com\/at\/philipp-mensah\/\"><span class=\"link-text\"> Philipp Mensah<\/span><span class=\"arrow\"><\/span><\/a><\/li><li class=\"menu-item menu-item-type-post_type menu-item-object-page menu-item-14399\"><a href=\"https:\/\/eilert-akademie.com\/at\/vanessa-seibert\/\"><span class=\"link-text\"> Vanessa Seibert<\/span><span class=\"arrow\"><\/span><\/a><\/li><li class=\"menu-item menu-item-type-post_type menu-item-object-page menu-item-17491\"><a href=\"https:\/\/eilert-akademie.com\/at\/mia-quick\/\"><span class=\"link-text\"> Mia Quick<\/span><span class=\"arrow\"><\/span><\/a><\/li><li class=\"menu-item menu-item-type-post_type menu-item-object-page menu-item-8607\"><a href=\"https:\/\/eilert-akademie.com\/at\/dr-damir-del-monte\/\"><span class=\"link-text\"> Dr. Dr. Damir del Monte<\/span><span class=\"arrow\"><\/span><\/a><\/li><li class=\"menu-item menu-item-type-post_type menu-item-object-page menu-item-8615\"><a href=\"https:\/\/eilert-akademie.com\/at\/mike-werder\/\"><span class=\"link-text\"> Mike Werder<\/span><span class=\"arrow\"><\/span><\/a><\/li><li class=\"menu-item menu-item-type-post_type menu-item-object-page menu-item-8604\"><a href=\"https:\/\/eilert-akademie.com\/at\/corinne-nowak\/\"><span class=\"link-text\"> Corinne Nowak<\/span><span class=\"arrow\"><\/span><\/a><\/li><\/ul><\/nav><\/div><\/div><div class=\"fusion-clearfix\"><\/div><\/div><\/div><\/div><\/div><\/p>\n","protected":false},"excerpt":{"rendered":"","protected":false},"author":1,"featured_media":0,"parent":0,"menu_order":0,"comment_status":"closed","ping_status":"closed","template":"100-width.php","meta":{"_acf_changed":false,"footnotes":""},"class_list":["post-7613","page","type-page","status-publish","hentry"],"acf":[],"yoast_head":"<!-- This site is optimized with the Yoast SEO plugin v27.5 - https:\/\/yoast.com\/product\/yoast-seo-wordpress\/ -->\n<title>Michaela Beier - Eilert-Akademie | The Science of Emotions<\/title>\n<meta name=\"description\" content=\"Michaela Beier ist als Teil der Eilert-Akademie Ihre Ansprechpartnerin und \u00fcbernimmt die Leitung des Seminarmanagements und Kundenservices.\" \/>\n<meta name=\"robots\" content=\"index, follow, max-snippet:-1, max-image-preview:large, max-video-preview:-1\" \/>\n<link rel=\"canonical\" href=\"https:\/\/eilert-akademie.com\/at\/michaela-beier\/\" \/>\n<meta property=\"og:locale\" content=\"de_DE\" \/>\n<meta property=\"og:type\" content=\"article\" \/>\n<meta property=\"og:title\" content=\"Michaela Beier - Eilert-Akademie | The Science of Emotions\" \/>\n<meta property=\"og:description\" content=\"Michaela Beier ist als Teil der Eilert-Akademie Ihre Ansprechpartnerin und \u00fcbernimmt die Leitung des Seminarmanagements und Kundenservices.\" \/>\n<meta property=\"og:url\" content=\"https:\/\/eilert-akademie.com\/at\/michaela-beier\/\" \/>\n<meta property=\"og:site_name\" content=\"Eilert-Akademie | The Science of Emotions\" \/>\n<meta property=\"article:publisher\" content=\"https:\/\/www.facebook.com\/EilertAkademie\" \/>\n<meta property=\"article:modified_time\" content=\"2026-04-30T11:36:17+00:00\" \/>\n<meta name=\"twitter:card\" content=\"summary_large_image\" \/>\n<meta name=\"twitter:site\" content=\"@EilertAkademie\" \/>\n<meta name=\"twitter:label1\" content=\"Gesch\u00e4tzte Lesezeit\" \/>\n\t<meta name=\"twitter:data1\" content=\"6 Minuten\" \/>\n<script type=\"application\/ld+json\" class=\"yoast-schema-graph\">{\"@context\":\"https:\\\/\\\/schema.org\",\"@graph\":[{\"@type\":\"WebPage\",\"@id\":\"https:\\\/\\\/eilert-akademie.com\\\/at\\\/michaela-beier\\\/\",\"url\":\"https:\\\/\\\/eilert-akademie.com\\\/at\\\/michaela-beier\\\/\",\"name\":\"Michaela Beier - Eilert-Akademie | The Science of Emotions\",\"isPartOf\":{\"@id\":\"https:\\\/\\\/eilert-akademie.com\\\/at\\\/#website\"},\"datePublished\":\"2020-09-17T14:54:35+00:00\",\"dateModified\":\"2026-04-30T11:36:17+00:00\",\"description\":\"Michaela Beier ist als Teil der Eilert-Akademie Ihre Ansprechpartnerin und \u00fcbernimmt die Leitung des Seminarmanagements und Kundenservices.\",\"breadcrumb\":{\"@id\":\"https:\\\/\\\/eilert-akademie.com\\\/at\\\/michaela-beier\\\/#breadcrumb\"},\"inLanguage\":\"de-AT\",\"potentialAction\":[{\"@type\":\"ReadAction\",\"target\":[\"https:\\\/\\\/eilert-akademie.com\\\/at\\\/michaela-beier\\\/\"]}]},{\"@type\":\"BreadcrumbList\",\"@id\":\"https:\\\/\\\/eilert-akademie.com\\\/at\\\/michaela-beier\\\/#breadcrumb\",\"itemListElement\":[{\"@type\":\"ListItem\",\"position\":1,\"name\":\"Startseite\",\"item\":\"https:\\\/\\\/eilert-akademie.com\\\/at\\\/\"},{\"@type\":\"ListItem\",\"position\":2,\"name\":\"Michaela Beier\"}]},{\"@type\":\"WebSite\",\"@id\":\"https:\\\/\\\/eilert-akademie.com\\\/at\\\/#website\",\"url\":\"https:\\\/\\\/eilert-akademie.com\\\/at\\\/\",\"name\":\"Eilert-Akademie | The Science of Emotions\",\"description\":\"Ausbildung zum emTrace-Coach, zum Mimikresonanz-Trainer und zum Mesource-Facilitator. Mit drei S\u00e4ulen zum Experten f\u00fcr emotionale Intelligenz.\",\"publisher\":{\"@id\":\"https:\\\/\\\/eilert-akademie.com\\\/at\\\/#organization\"},\"potentialAction\":[{\"@type\":\"SearchAction\",\"target\":{\"@type\":\"EntryPoint\",\"urlTemplate\":\"https:\\\/\\\/eilert-akademie.com\\\/at\\\/?s={search_term_string}\"},\"query-input\":{\"@type\":\"PropertyValueSpecification\",\"valueRequired\":true,\"valueName\":\"search_term_string\"}}],\"inLanguage\":\"de-AT\"},{\"@type\":\"Organization\",\"@id\":\"https:\\\/\\\/eilert-akademie.com\\\/at\\\/#organization\",\"name\":\"Eilert-Akademie\",\"url\":\"https:\\\/\\\/eilert-akademie.com\\\/at\\\/\",\"logo\":{\"@type\":\"ImageObject\",\"inLanguage\":\"de-AT\",\"@id\":\"https:\\\/\\\/eilert-akademie.com\\\/at\\\/#\\\/schema\\\/logo\\\/image\\\/\",\"url\":\"https:\\\/\\\/eilert-akademie.com\\\/wp-content\\\/uploads\\\/2020\\\/07\\\/eilert-akademie-logo.png\",\"contentUrl\":\"https:\\\/\\\/eilert-akademie.com\\\/wp-content\\\/uploads\\\/2020\\\/07\\\/eilert-akademie-logo.png\",\"width\":326,\"height\":112,\"caption\":\"Eilert-Akademie\"},\"image\":{\"@id\":\"https:\\\/\\\/eilert-akademie.com\\\/at\\\/#\\\/schema\\\/logo\\\/image\\\/\"},\"sameAs\":[\"https:\\\/\\\/www.facebook.com\\\/EilertAkademie\",\"https:\\\/\\\/x.com\\\/EilertAkademie\",\"https:\\\/\\\/www.instagram.com\\\/eilertakademie\\\/\",\"https:\\\/\\\/de.wikipedia.org\\\/wiki\\\/Dirk_Eilert\"]}]}<\/script>\n<!-- \/ Yoast SEO plugin. -->","yoast_head_json":{"title":"Michaela Beier - Eilert-Akademie | The Science of Emotions","description":"Michaela Beier ist als Teil der Eilert-Akademie Ihre Ansprechpartnerin und \u00fcbernimmt die Leitung des Seminarmanagements und Kundenservices.","robots":{"index":"index","follow":"follow","max-snippet":"max-snippet:-1","max-image-preview":"max-image-preview:large","max-video-preview":"max-video-preview:-1"},"canonical":"https:\/\/eilert-akademie.com\/at\/michaela-beier\/","og_locale":"de_DE","og_type":"article","og_title":"Michaela Beier - Eilert-Akademie | The Science of Emotions","og_description":"Michaela Beier ist als Teil der Eilert-Akademie Ihre Ansprechpartnerin und \u00fcbernimmt die Leitung des Seminarmanagements und Kundenservices.","og_url":"https:\/\/eilert-akademie.com\/at\/michaela-beier\/","og_site_name":"Eilert-Akademie | The Science of Emotions","article_publisher":"https:\/\/www.facebook.com\/EilertAkademie","article_modified_time":"2026-04-30T11:36:17+00:00","twitter_card":"summary_large_image","twitter_site":"@EilertAkademie","twitter_misc":{"Gesch\u00e4tzte Lesezeit":"6 Minuten"},"schema":{"@context":"https:\/\/schema.org","@graph":[{"@type":"WebPage","@id":"https:\/\/eilert-akademie.com\/at\/michaela-beier\/","url":"https:\/\/eilert-akademie.com\/at\/michaela-beier\/","name":"Michaela Beier - Eilert-Akademie | The Science of Emotions","isPartOf":{"@id":"https:\/\/eilert-akademie.com\/at\/#website"},"datePublished":"2020-09-17T14:54:35+00:00","dateModified":"2026-04-30T11:36:17+00:00","description":"Michaela Beier ist als Teil der Eilert-Akademie Ihre Ansprechpartnerin und \u00fcbernimmt die Leitung des Seminarmanagements und Kundenservices.","breadcrumb":{"@id":"https:\/\/eilert-akademie.com\/at\/michaela-beier\/#breadcrumb"},"inLanguage":"de-AT","potentialAction":[{"@type":"ReadAction","target":["https:\/\/eilert-akademie.com\/at\/michaela-beier\/"]}]},{"@type":"BreadcrumbList","@id":"https:\/\/eilert-akademie.com\/at\/michaela-beier\/#breadcrumb","itemListElement":[{"@type":"ListItem","position":1,"name":"Startseite","item":"https:\/\/eilert-akademie.com\/at\/"},{"@type":"ListItem","position":2,"name":"Michaela Beier"}]},{"@type":"WebSite","@id":"https:\/\/eilert-akademie.com\/at\/#website","url":"https:\/\/eilert-akademie.com\/at\/","name":"Eilert-Akademie | The Science of Emotions","description":"Ausbildung zum emTrace-Coach, zum Mimikresonanz-Trainer und zum Mesource-Facilitator. Mit drei S\u00e4ulen zum Experten f\u00fcr emotionale Intelligenz.","publisher":{"@id":"https:\/\/eilert-akademie.com\/at\/#organization"},"potentialAction":[{"@type":"SearchAction","target":{"@type":"EntryPoint","urlTemplate":"https:\/\/eilert-akademie.com\/at\/?s={search_term_string}"},"query-input":{"@type":"PropertyValueSpecification","valueRequired":true,"valueName":"search_term_string"}}],"inLanguage":"de-AT"},{"@type":"Organization","@id":"https:\/\/eilert-akademie.com\/at\/#organization","name":"Eilert-Akademie","url":"https:\/\/eilert-akademie.com\/at\/","logo":{"@type":"ImageObject","inLanguage":"de-AT","@id":"https:\/\/eilert-akademie.com\/at\/#\/schema\/logo\/image\/","url":"https:\/\/eilert-akademie.com\/wp-content\/uploads\/2020\/07\/eilert-akademie-logo.png","contentUrl":"https:\/\/eilert-akademie.com\/wp-content\/uploads\/2020\/07\/eilert-akademie-logo.png","width":326,"height":112,"caption":"Eilert-Akademie"},"image":{"@id":"https:\/\/eilert-akademie.com\/at\/#\/schema\/logo\/image\/"},"sameAs":["https:\/\/www.facebook.com\/EilertAkademie","https:\/\/x.com\/EilertAkademie","https:\/\/www.instagram.com\/eilertakademie\/","https:\/\/de.wikipedia.org\/wiki\/Dirk_Eilert"]}]}},"post_mailing_queue_ids":[],"_links":{"self":[{"href":"https:\/\/eilert-akademie.com\/at\/wp-json\/wp\/v2\/pages\/7613","targetHints":{"allow":["GET"]}}],"collection":[{"href":"https:\/\/eilert-akademie.com\/at\/wp-json\/wp\/v2\/pages"}],"about":[{"href":"https:\/\/eilert-akademie.com\/at\/wp-json\/wp\/v2\/types\/page"}],"author":[{"embeddable":true,"href":"https:\/\/eilert-akademie.com\/at\/wp-json\/wp\/v2\/users\/1"}],"replies":[{"embeddable":true,"href":"https:\/\/eilert-akademie.com\/at\/wp-json\/wp\/v2\/comments?post=7613"}],"version-history":[{"count":10,"href":"https:\/\/eilert-akademie.com\/at\/wp-json\/wp\/v2\/pages\/7613\/revisions"}],"predecessor-version":[{"id":22870,"href":"https:\/\/eilert-akademie.com\/at\/wp-json\/wp\/v2\/pages\/7613\/revisions\/22870"}],"wp:attachment":[{"href":"https:\/\/eilert-akademie.com\/at\/wp-json\/wp\/v2\/media?parent=7613"}],"curies":[{"name":"wp","href":"https:\/\/api.w.org\/{rel}","templated":true}]}}