{"id":8454,"date":"2021-02-11T12:49:43","date_gmt":"2021-02-11T11:49:43","guid":{"rendered":"https:\/\/eilert-akademie.com\/mimikresonanz-ttp-aufbautraining-expert\/"},"modified":"2026-03-12T16:37:51","modified_gmt":"2026-03-12T15:37:51","slug":"mimikresonanz-ttp-aufbautraining-expert","status":"publish","type":"page","link":"https:\/\/eilert-akademie.com\/at\/mimikresonanz-ttp-aufbautraining-expert\/","title":{"rendered":"Mimikresonanz-TtP-Aufbautraining (Expert)"},"content":{"rendered":"<p><div class=\"fusion-fullwidth fullwidth-box fusion-builder-row-1 fusion-flex-container nonhundred-percent-fullwidth non-hundred-percent-height-scrolling\" style=\"--awb-border-radius-top-left:0px;--awb-border-radius-top-right:0px;--awb-border-radius-bottom-right:0px;--awb-border-radius-bottom-left:0px;--awb-background-color:#2e394b;--awb-flex-wrap:wrap;\" ><div class=\"fusion-builder-row fusion-row fusion-flex-align-items-center fusion-flex-justify-content-center fusion-flex-content-wrap\" style=\"max-width:1248px;margin-left: calc(-4% \/ 2 );margin-right: calc(-4% \/ 2 );\"><div class=\"fusion-layout-column fusion_builder_column fusion-builder-column-0 fusion_builder_column_1_1 1_1 fusion-flex-column fusion-flex-align-self-center\" style=\"--awb-padding-top:20px;--awb-bg-size:cover;--awb-width-large:100%;--awb-margin-top-large:0px;--awb-spacing-right-large:1.92%;--awb-margin-bottom-large:20px;--awb-spacing-left-large:1.92%;--awb-width-medium:100%;--awb-order-medium:0;--awb-spacing-right-medium:1.92%;--awb-spacing-left-medium:1.92%;--awb-width-small:100%;--awb-order-small:0;--awb-spacing-right-small:1.92%;--awb-spacing-left-small:1.92%;\"><div class=\"fusion-column-wrapper fusion-column-has-shadow fusion-flex-justify-content-center fusion-content-layout-column\"><div class=\"fusion-text fusion-text-1 weiss\"><p style=\"text-align: center;\"><strong>Die Seminare finden auch als Webucation statt. <\/strong> <span class=\"txtgruen\">Web<\/span>ucation bedeutet: Trainieren im digitalen Lernraum &#8211; mit motivierender<br \/>\nWissensvermittlung und interaktiven Kleingruppen-\u00dcbungen.<br \/>\nDer wertvolle Nebeneffekt: Sie erweitern Ihre Trainingskompetenz im digitalen Raum.<\/p>\n<\/div><\/div><\/div><\/div><\/div><div class=\"fusion-fullwidth fullwidth-box fusion-builder-row-2 nonhundred-percent-fullwidth non-hundred-percent-height-scrolling\" style=\"--awb-border-radius-top-left:0px;--awb-border-radius-top-right:0px;--awb-border-radius-bottom-right:0px;--awb-border-radius-bottom-left:0px;--awb-margin-top:40px;--awb-flex-wrap:wrap;\" ><div class=\"fusion-builder-row fusion-row\"><div class=\"fusion-layout-column fusion_builder_column fusion-builder-column-1 fusion_builder_column_1_1 1_1 fusion-one-full fusion-column-first fusion-column-last\" style=\"--awb-bg-size:cover;\"><div class=\"fusion-column-wrapper fusion-column-has-shadow fusion-flex-column-wrapper-legacy\"><div class=\"fusion-title title fusion-title-1 fusion-sep-none fusion-title-center fusion-title-text fusion-title-size-one\" style=\"--awb-margin-top-small:10px;--awb-margin-right-small:0px;--awb-margin-bottom-small:10px;--awb-margin-left-small:0px;\"><h1 class=\"fusion-title-heading title-heading-center fusion-responsive-typography-calculated\" style=\"margin:0;--fontSize:38;line-height:1.16;\">Meistern Sie nonverbale Wahrnehmung<\/h1><\/div><div class=\"fusion-sep-clear\"><\/div><div class=\"fusion-separator\" style=\"margin-left: auto;margin-right: auto;margin-top:10px;margin-bottom:30px;width:100%;max-width:150px;\"><div class=\"fusion-separator-border sep-single\" style=\"--awb-height:20px;--awb-amount:20px;border-color:#95c11f;border-top-width:4px;\"><\/div><\/div><div class=\"fusion-sep-clear\"><\/div><div class=\"fusion-title title fusion-title-2 fusion-sep-none fusion-title-center fusion-title-text fusion-title-size-three\" style=\"--awb-text-color:#3c3c3b;--awb-margin-top-small:10px;--awb-margin-right-small:0px;--awb-margin-bottom-small:10px;--awb-margin-left-small:0px;--awb-font-size:24px;\"><h3 class=\"fusion-title-heading title-heading-center fusion-responsive-typography-calculated\" style=\"margin:0;font-size:1em;--fontSize:24;line-height:1.25;\">\u201eDas gesamte Spektrum emotionalen Erlebens<br \/>\nentfaltet sich im chronologischen Zusammenspiel aller K\u00f6rpersprachekan\u00e4le.<br \/>\nWer alles sehen m\u00f6chte, sieht multimodal-dynamisch.\u201c<\/h3><\/div><div class=\"fusion-text fusion-text-2\" style=\"--awb-content-alignment:center;\"><p>Die aktuelle K\u00f6rpersprache-Forschung hat weit mehr als nur sieben Prim\u00e4remotionen identifiziert. Das Mimikresonanz-TtP-Basistraining bildet die Basis einer hervorragenden nonverbalen Wahrnehmungs- und Resonanzf\u00e4higkeit.<\/p>\n<p><strong>Der Mimikresonanz-TtP-Expert geht einen Schritt weiter und hebt Ihre Wahrnehmung und Empathie sowie Ihr Emotionswissen auf das n\u00e4chste Level \u2013 auf ein absolutes Expertenlevel.<\/strong><\/p>\n<\/div><div class=\"fusion-clearfix\"><\/div><\/div><\/div><\/div><\/div><div class=\"fusion-fullwidth fullwidth-box fusion-builder-row-3 fusion-flex-container nonhundred-percent-fullwidth non-hundred-percent-height-scrolling\" style=\"--awb-border-radius-top-left:0px;--awb-border-radius-top-right:0px;--awb-border-radius-bottom-right:0px;--awb-border-radius-bottom-left:0px;--awb-flex-wrap:wrap;\" ><div class=\"fusion-builder-row fusion-row fusion-flex-align-items-flex-start fusion-flex-content-wrap\" style=\"max-width:1248px;margin-left: calc(-4% \/ 2 );margin-right: calc(-4% \/ 2 );\"><div class=\"fusion-layout-column fusion_builder_column fusion-builder-column-2 fusion_builder_column_1_2 1_2 fusion-flex-column\" style=\"--awb-bg-size:cover;--awb-width-large:50%;--awb-margin-top-large:0px;--awb-spacing-right-large:3.84%;--awb-margin-bottom-large:20px;--awb-spacing-left-large:3.84%;--awb-width-medium:100%;--awb-order-medium:0;--awb-spacing-right-medium:1.92%;--awb-spacing-left-medium:1.92%;--awb-width-small:100%;--awb-order-small:0;--awb-spacing-right-small:1.92%;--awb-spacing-left-small:1.92%;\"><div class=\"fusion-column-wrapper fusion-column-has-shadow fusion-flex-justify-content-flex-start fusion-content-layout-column\"><div class=\"fusion-text fusion-text-3\"><p>Sie erweitern Ihre Beobachtungsf\u00e4higkeit auf die multimodal-dynamischen Signale weiterer Prim\u00e4remotionen: Scham, Schuld, Liebe, Interesse und Stolz. Ebenso lernen Sie die besondere Bedeutung von Momenten kennen, in denen sich Emotionen in der Mimik und K\u00f6rpersprache miteinander mischen. Das Meisterlevel erreicht Ihre Emotionserkennungsf\u00e4higkeit, indem Sie im Expert Ihre Wahrnehmung noch weiter \u00fcber die zw\u00f6lf Prim\u00e4remotionen hinaus erweitern: Lernen Sie neben den nonverbalen Kern-Bewegungen der grundlegenden Emotionen weitere Emotionskategorien kennen \u2013 wie zum Beispiel die \u201eEmotionen der psychischen Transformation\u201c: Ehrfurcht und Ber\u00fchrtsein. Ebenso lernen Sie, wie Sie redebegleitende Gesten bei Ihrem Gegen\u00fcber pr\u00e4zise entschl\u00fcsseln. All dies erm\u00f6glicht, dass Sie menschliches Verhalten und Erleben sowie K\u00f6rpersprache noch tiefgreifender verstehen.<\/p>\n<p>Dar\u00fcber hinaus trainieren Sie Ihre Sinne f\u00fcr das pr\u00e4zise Entschl\u00fcsseln interpersonellen Bewegungsverhaltens (Blickverhalten, Raumverhalten, Ber\u00fchrungen) und die treffsichere Einsch\u00e4tzung entscheidender Qualit\u00e4ten sozialer Interaktion. Ob es darum geht, einzusch\u00e4tzen, wer in einer Gruppe \u201edie Hosen anhat\u201c, N\u00e4he und Vertrautheit zu bestimmen oder echtes Interesse beim Flirten verl\u00e4sslich zu erkennen, das Mimikresonanz-TtP-Expert-Training liefert Ihnen daf\u00fcr die nonverbalen Signale und Codes sozialer Interaktion \u2013 stets unter Ber\u00fccksichtigung aktueller wissenschaftlicher Studien.<\/p>\n<\/div><div class=\"fusion-builder-row fusion-builder-row-inner fusion-row fusion-flex-align-items-flex-start fusion-flex-content-wrap\" style=\"--awb-flex-grow:0;--awb-flex-grow-medium:0;--awb-flex-grow-small:0;--awb-flex-shrink:0;--awb-flex-shrink-medium:0;--awb-flex-shrink-small:0;width:104% !important;max-width:104% !important;margin-left: calc(-4% \/ 2 );margin-right: calc(-4% \/ 2 );\"><div class=\"fusion-layout-column fusion_builder_column_inner fusion-builder-nested-column-0 fusion_builder_column_inner_1_1 1_1 fusion-flex-column\" style=\"--awb-padding-top:15px;--awb-padding-right:10px;--awb-padding-bottom:10px;--awb-padding-left:10px;--awb-bg-color:#f9f9fb;--awb-bg-color-hover:#f9f9fb;--awb-bg-size:cover;--awb-box-shadow:2px 1px 3px 2px #b5b5b5;;--awb-border-color:#95c11f;--awb-border-top:1px;--awb-border-right:1px;--awb-border-bottom:1px;--awb-border-left:1px;--awb-border-style:solid;--awb-width-large:100%;--awb-margin-top-large:0px;--awb-spacing-right-large:1.92%;--awb-margin-bottom-large:20px;--awb-spacing-left-large:1.92%;--awb-width-medium:100%;--awb-order-medium:0;--awb-spacing-right-medium:1.92%;--awb-spacing-left-medium:1.92%;--awb-width-small:100%;--awb-order-small:0;--awb-spacing-right-small:1.92%;--awb-spacing-left-small:1.92%;\"><div class=\"fusion-column-wrapper fusion-column-has-shadow fusion-flex-justify-content-flex-start fusion-content-layout-column\"><div class=\"fusion-text fusion-text-4\" style=\"--awb-content-alignment:left;\"><p>Die Absolvierung dieses Train-the-Professional-Trainings<br \/>\nberechtigt Sie als Mimikresonanz-Lizenztrainer\/in zur Durchf\u00fchrung<br \/>\ndes 2-t\u00e4gigen Mimikresonanz-Aufbautrainings \u201eMimikresonanz-Expert\u201c.<\/p>\n<\/div><\/div><\/div><\/div><\/div><\/div><div class=\"fusion-layout-column fusion_builder_column fusion-builder-column-3 fusion_builder_column_1_2 1_2 fusion-flex-column\" style=\"--awb-bg-size:cover;--awb-width-large:50%;--awb-margin-top-large:0px;--awb-spacing-right-large:3.84%;--awb-margin-bottom-large:20px;--awb-spacing-left-large:3.84%;--awb-width-medium:100%;--awb-order-medium:0;--awb-spacing-right-medium:1.92%;--awb-spacing-left-medium:1.92%;--awb-width-small:100%;--awb-order-small:0;--awb-spacing-right-small:1.92%;--awb-spacing-left-small:1.92%;\"><div class=\"fusion-column-wrapper fusion-column-has-shadow fusion-flex-justify-content-flex-start fusion-content-layout-column\"><div class=\"fusion-tabs fusion-tabs-1 classic nav-is-justified horizontal-tabs icon-position-left mobile-mode-accordion\" style=\"--awb-title-border-radius-top-left:0px;--awb-title-border-radius-top-right:0px;--awb-title-border-radius-bottom-right:0px;--awb-title-border-radius-bottom-left:0px;--awb-alignment:start;--awb-inactive-color:#f9f9fb;--awb-background-color:#ffffff;--awb-border-color:#e2e2e2;--awb-active-border-color:#95c11f;\"><div class=\"nav\"><ul class=\"nav-tabs nav-justified\" role=\"tablist\" aria-orientation=\"horizontal\"><li class=\"active\" role=\"presentation\"><a class=\"tab-link\" data-toggle=\"tab\" role=\"tab\" aria-controls=\"tab-3d05d26fc1d067b1358\" aria-selected=\"true\" tabindex=\"0\" id=\"fusion-tab-3d05d26fc1d067b1358\" href=\"#tab-3d05d26fc1d067b1358\"><h4 class=\"fusion-tab-heading\">Seminarinhalte<\/h4><\/a><\/li><li  role=\"presentation\"><a class=\"tab-link\" data-toggle=\"tab\" role=\"tab\" aria-controls=\"tab-23b2b6f21071b172929\" aria-selected=\"false\" tabindex=\"-1\" id=\"fusion-tab-23b2b6f21071b172929\" href=\"#tab-23b2b6f21071b172929\"><h4 class=\"fusion-tab-heading\">Informationen<\/h4><\/a><\/li><\/ul><\/div><div class=\"tab-content\"><div class=\"nav fusion-mobile-tab-nav\"><ul class=\"nav-tabs nav-justified\" role=\"tablist\" aria-orientation=\"horizontal\"><li class=\"active\" role=\"presentation\"><a class=\"tab-link\" data-toggle=\"tab\" role=\"tab\" aria-controls=\"tab-3d05d26fc1d067b1358\" aria-selected=\"true\" tabindex=\"0\" id=\"mobile-fusion-tab-3d05d26fc1d067b1358\" href=\"#tab-3d05d26fc1d067b1358\"><h4 class=\"fusion-tab-heading\">Seminarinhalte<\/h4><\/a><\/li><\/ul><\/div><div class=\"tab-pane fade fusion-clearfix in active\" role=\"tabpanel\" tabindex=\"0\" aria-labelledby=\"fusion-tab-3d05d26fc1d067b1358\" id=\"tab-3d05d26fc1d067b1358\">\n<div class=\"table-2\">\n<p>\u00a0<\/p>\n<table width=\"100%\">\n<tbody>\n<tr>\n<td bgcolor=\"#f2f1f1\"><strong>Mimikresonanz<sup>\u00ae<\/sup>-TtP-Aufbautraining \u201eExpert\u201c:<\/strong><\/td>\n<\/tr>\n<tr>\n<td>Das Mimikresonanz-Emotionsmodell: die zw\u00f6lf Prim\u00e4remotionen<\/td>\n<\/tr>\n<tr>\n<td>Wenn Emotionen aufeinandertreffen: Mischemotionen erkennen und verstehen<\/td>\n<\/tr>\n<tr>\n<td>Die multimodalen Prim\u00e4remotionen: Scham, Schuld, Interesse, Liebe und Stolz<\/td>\n<\/tr>\n<tr>\n<td>Die Emotionen der Transformation: Ber\u00fchrtsein und Ehrfurcht<\/td>\n<\/tr>\n<tr>\n<td>Gef\u00e4hrliches Mienenspiel!? \u2013 wie Sie bevorstehende Angriffe erkennen<\/td>\n<\/tr>\n<tr>\n<td>Emotionen als Bed\u00fcrfniserf\u00fcllungsgehilfen: das Emotions-Generatoren-Modell<\/td>\n<\/tr>\n<tr>\n<td>Interpersonelles Bewegungsverhalten entschl\u00fcsseln und verstehen<\/td>\n<\/tr>\n<tr>\n<td>Die Mimikresonanz-Interaktionsanalyse mit dem TEAM-Modell<\/td>\n<\/tr>\n<tr>\n<td>Redebegleitende Gesten entschl\u00fcsseln und verstehen<\/td>\n<\/tr>\n<\/tbody>\n<\/table>\n<\/div>\n<\/div><div class=\"nav fusion-mobile-tab-nav\"><ul class=\"nav-tabs nav-justified\" role=\"tablist\" aria-orientation=\"horizontal\"><li  role=\"presentation\"><a class=\"tab-link\" data-toggle=\"tab\" role=\"tab\" aria-controls=\"tab-23b2b6f21071b172929\" aria-selected=\"false\" tabindex=\"-1\" id=\"mobile-fusion-tab-23b2b6f21071b172929\" href=\"#tab-23b2b6f21071b172929\"><h4 class=\"fusion-tab-heading\">Informationen<\/h4><\/a><\/li><\/ul><\/div><div class=\"tab-pane fade fusion-clearfix\" role=\"tabpanel\" tabindex=\"0\" aria-labelledby=\"fusion-tab-23b2b6f21071b172929\" id=\"tab-23b2b6f21071b172929\">\n<div class=\"table-2\">\n<table width=\"100%\">\n<tbody>\n<tr>\n<td bgcolor=\"#f2f1f1\"><strong>Teilnahmevoraussetzung:<\/strong><\/td>\n<\/tr>\n<tr>\n<td><a href=\"..\/mimikresonanz-ttp-basistraining\/\">Mimikresonanz<sup>\u00ae<\/sup>-TtP-Basistraining<\/a><\/td>\n<\/tr>\n<tr>\n<td bgcolor=\"#f2f1f1\"><strong>Teilnehmer:<\/strong><\/td>\n<\/tr>\n<tr>\n<td align=\"left\" valign=\"top\">Pr\u00e4senztraining begrenzt auf max. 20 Teilnehmer:innen<\/td>\n<\/tr>\n<tr>\n<td bgcolor=\"#f2f1f1\"><strong>Dauer:<\/strong><\/td>\n<\/tr>\n<tr>\n<td>4 Tage (1.-3. Tag von 10-18 Uhr, 4. Tag von 10-16:30 Uhr)<\/td>\n<\/tr>\n<tr>\n<td bgcolor=\"#f2f1f1\"><strong>Trainer:<\/strong><\/td>\n<\/tr>\n<tr>\n<td><a href=\"..\/mike-werder\/\">Mike Werder<\/a><\/td>\n<\/tr>\n<tr>\n<td bgcolor=\"#f2f1f1\"><strong>Veranstaltungsort:<\/strong><\/td>\n<\/tr>\n<tr>\n<td>Eilert-Akademie Insbruck \/ digitaler Lernraum<\/td>\n<\/tr>\n<tr>\n<td bgcolor=\"#f2f1f1\"><strong>Investition:<\/strong><\/td>\n<\/tr>\n<tr>\n<td><strong>1.575,- \u20ac inkl. MwSt.<\/strong><br \/>\nf\u00fcr Mimikresonanz-Lizenztrainer:innen<strong>1.875,- \u20ac inkl. MwSt.<\/strong><br \/>\nf\u00fcr Mimikresonanz-Berater:innen(in der Seminargeb\u00fchr sind Folien und Handouts f\u00fcr eigene Seminare bereits enthalten; zur Nutzung bedarf es einer laufenden Trainer-Lizenzvereinbarung; weitere Lizenzgeb\u00fchren werden dar\u00fcber hinaus nicht erhoben)<\/td>\n<\/tr>\n<\/tbody>\n<\/table>\n<\/div>\n<\/div><\/div><\/div><\/div><\/div><\/div><\/div><div class=\"fusion-fullwidth fullwidth-box fusion-builder-row-4 nonhundred-percent-fullwidth non-hundred-percent-height-scrolling\" style=\"--awb-border-radius-top-left:0px;--awb-border-radius-top-right:0px;--awb-border-radius-bottom-right:0px;--awb-border-radius-bottom-left:0px;--awb-flex-wrap:wrap;\" ><div class=\"fusion-builder-row fusion-row\"><div class=\"fusion-layout-column fusion_builder_column fusion-builder-column-4 fusion_builder_column_1_1 1_1 fusion-one-full fusion-column-first fusion-column-last\" style=\"--awb-bg-size:cover;\"><div class=\"fusion-column-wrapper fusion-column-has-shadow fusion-flex-column-wrapper-legacy\"><div class=\"fusion-title title fusion-title-3 fusion-sep-none fusion-title-center fusion-title-text fusion-title-size-two\" style=\"--awb-text-color:#3c3c3b;--awb-margin-top-small:10px;--awb-margin-right-small:0px;--awb-margin-bottom-small:10px;--awb-margin-left-small:0px;--awb-font-size:24px;\"><h2 class=\"fusion-title-heading title-heading-center fusion-responsive-typography-calculated\" style=\"margin:0;font-size:1em;--fontSize:24;line-height:1.25;\"><h3>Mimikresonanz-TtP-Expert: Termine \/ Anmeldung<\/h3><\/h2><\/div><iframe src=\"https:\/\/app1.edoobox.com\/MHN\/AUT\/4.AUT-MR-TtP-Expert?edref=mhn\" name=\"edooboxFrame_mhn\" id=\"edoobox_mhn\" style=\"border:none; width:100%; height:600px;\" frameborder=\"0\" seamless data-scrolltop><a href=\"https:\/\/app1.edoobox.com\/MHN\/AUT\/4.AUT-MR-TtP-Expert?edref=mhn\">\u00dcbersicht anzeigen<\/a><\/iframe><script type=\"text\/javascript\" src=\"https:\/\/cdn1.edoobox.com\/edoobox.iframe.embedded.v2.2.js\"><\/script><div class=\"fusion-clearfix\"><\/div><\/div><\/div><\/div><\/div><\/p>\n","protected":false},"excerpt":{"rendered":"","protected":false},"author":1,"featured_media":0,"parent":0,"menu_order":0,"comment_status":"closed","ping_status":"closed","template":"100-width.php","meta":{"_acf_changed":false,"footnotes":""},"class_list":["post-8454","page","type-page","status-publish","hentry"],"acf":[],"yoast_head":"<!-- This site is optimized with the Yoast SEO plugin v27.5 - https:\/\/yoast.com\/product\/yoast-seo-wordpress\/ -->\n<title>Mimikresonanz-TtP-Aufbautraining (Expert). - nonverbale Wahrnehmung<\/title>\n<meta name=\"description\" content=\"Meistern Sie nonverbale Wahrnehmung. \u201eDas gesamte Spektrum emotionalen Erlebensentfaltet sich im chronologischen Zusammenspiel aller K\u00f6rpersprachekan\u00e4le.&quot;\" \/>\n<meta name=\"robots\" content=\"index, follow, max-snippet:-1, max-image-preview:large, max-video-preview:-1\" \/>\n<link rel=\"canonical\" href=\"https:\/\/eilert-akademie.com\/at\/mimikresonanz-ttp-aufbautraining-expert\/\" \/>\n<meta property=\"og:locale\" content=\"de_DE\" \/>\n<meta property=\"og:type\" content=\"article\" \/>\n<meta property=\"og:title\" content=\"Mimikresonanz-TtP-Aufbautraining (Expert). - nonverbale Wahrnehmung\" \/>\n<meta property=\"og:description\" content=\"Meistern Sie nonverbale Wahrnehmung. \u201eDas gesamte Spektrum emotionalen Erlebensentfaltet sich im chronologischen Zusammenspiel aller K\u00f6rpersprachekan\u00e4le.&quot;\" \/>\n<meta property=\"og:url\" content=\"https:\/\/eilert-akademie.com\/at\/mimikresonanz-ttp-aufbautraining-expert\/\" \/>\n<meta property=\"og:site_name\" content=\"Eilert-Akademie | The Science of Emotions\" \/>\n<meta property=\"article:publisher\" content=\"https:\/\/www.facebook.com\/EilertAkademie\" \/>\n<meta property=\"article:modified_time\" content=\"2026-03-12T15:37:51+00:00\" \/>\n<meta name=\"twitter:card\" content=\"summary_large_image\" \/>\n<meta name=\"twitter:site\" content=\"@EilertAkademie\" \/>\n<meta name=\"twitter:label1\" content=\"Gesch\u00e4tzte Lesezeit\" \/>\n\t<meta name=\"twitter:data1\" content=\"3 Minuten\" \/>\n<script type=\"application\/ld+json\" class=\"yoast-schema-graph\">{\"@context\":\"https:\\\/\\\/schema.org\",\"@graph\":[{\"@type\":\"WebPage\",\"@id\":\"https:\\\/\\\/eilert-akademie.com\\\/at\\\/mimikresonanz-ttp-aufbautraining-expert\\\/\",\"url\":\"https:\\\/\\\/eilert-akademie.com\\\/at\\\/mimikresonanz-ttp-aufbautraining-expert\\\/\",\"name\":\"Mimikresonanz-TtP-Aufbautraining (Expert). - nonverbale Wahrnehmung\",\"isPartOf\":{\"@id\":\"https:\\\/\\\/eilert-akademie.com\\\/at\\\/#website\"},\"datePublished\":\"2021-02-11T11:49:43+00:00\",\"dateModified\":\"2026-03-12T15:37:51+00:00\",\"description\":\"Meistern Sie nonverbale Wahrnehmung. \u201eDas gesamte Spektrum emotionalen Erlebensentfaltet sich im chronologischen Zusammenspiel aller K\u00f6rpersprachekan\u00e4le.\\\"\",\"breadcrumb\":{\"@id\":\"https:\\\/\\\/eilert-akademie.com\\\/at\\\/mimikresonanz-ttp-aufbautraining-expert\\\/#breadcrumb\"},\"inLanguage\":\"de-AT\",\"potentialAction\":[{\"@type\":\"ReadAction\",\"target\":[\"https:\\\/\\\/eilert-akademie.com\\\/at\\\/mimikresonanz-ttp-aufbautraining-expert\\\/\"]}]},{\"@type\":\"BreadcrumbList\",\"@id\":\"https:\\\/\\\/eilert-akademie.com\\\/at\\\/mimikresonanz-ttp-aufbautraining-expert\\\/#breadcrumb\",\"itemListElement\":[{\"@type\":\"ListItem\",\"position\":1,\"name\":\"Startseite\",\"item\":\"https:\\\/\\\/eilert-akademie.com\\\/at\\\/\"},{\"@type\":\"ListItem\",\"position\":2,\"name\":\"Mimikresonanz-TtP-Aufbautraining (Expert)\"}]},{\"@type\":\"WebSite\",\"@id\":\"https:\\\/\\\/eilert-akademie.com\\\/at\\\/#website\",\"url\":\"https:\\\/\\\/eilert-akademie.com\\\/at\\\/\",\"name\":\"Eilert-Akademie | The Science of Emotions\",\"description\":\"Ausbildung zum emTrace-Coach, zum Mimikresonanz-Trainer und zum Mesource-Facilitator. Mit drei S\u00e4ulen zum Experten f\u00fcr emotionale Intelligenz.\",\"publisher\":{\"@id\":\"https:\\\/\\\/eilert-akademie.com\\\/at\\\/#organization\"},\"potentialAction\":[{\"@type\":\"SearchAction\",\"target\":{\"@type\":\"EntryPoint\",\"urlTemplate\":\"https:\\\/\\\/eilert-akademie.com\\\/at\\\/?s={search_term_string}\"},\"query-input\":{\"@type\":\"PropertyValueSpecification\",\"valueRequired\":true,\"valueName\":\"search_term_string\"}}],\"inLanguage\":\"de-AT\"},{\"@type\":\"Organization\",\"@id\":\"https:\\\/\\\/eilert-akademie.com\\\/at\\\/#organization\",\"name\":\"Eilert-Akademie\",\"url\":\"https:\\\/\\\/eilert-akademie.com\\\/at\\\/\",\"logo\":{\"@type\":\"ImageObject\",\"inLanguage\":\"de-AT\",\"@id\":\"https:\\\/\\\/eilert-akademie.com\\\/at\\\/#\\\/schema\\\/logo\\\/image\\\/\",\"url\":\"https:\\\/\\\/eilert-akademie.com\\\/wp-content\\\/uploads\\\/2020\\\/07\\\/eilert-akademie-logo.png\",\"contentUrl\":\"https:\\\/\\\/eilert-akademie.com\\\/wp-content\\\/uploads\\\/2020\\\/07\\\/eilert-akademie-logo.png\",\"width\":326,\"height\":112,\"caption\":\"Eilert-Akademie\"},\"image\":{\"@id\":\"https:\\\/\\\/eilert-akademie.com\\\/at\\\/#\\\/schema\\\/logo\\\/image\\\/\"},\"sameAs\":[\"https:\\\/\\\/www.facebook.com\\\/EilertAkademie\",\"https:\\\/\\\/x.com\\\/EilertAkademie\",\"https:\\\/\\\/www.instagram.com\\\/eilertakademie\\\/\",\"https:\\\/\\\/de.wikipedia.org\\\/wiki\\\/Dirk_Eilert\"]}]}<\/script>\n<!-- \/ Yoast SEO plugin. -->","yoast_head_json":{"title":"Mimikresonanz-TtP-Aufbautraining (Expert). - nonverbale Wahrnehmung","description":"Meistern Sie nonverbale Wahrnehmung. \u201eDas gesamte Spektrum emotionalen Erlebensentfaltet sich im chronologischen Zusammenspiel aller K\u00f6rpersprachekan\u00e4le.\"","robots":{"index":"index","follow":"follow","max-snippet":"max-snippet:-1","max-image-preview":"max-image-preview:large","max-video-preview":"max-video-preview:-1"},"canonical":"https:\/\/eilert-akademie.com\/at\/mimikresonanz-ttp-aufbautraining-expert\/","og_locale":"de_DE","og_type":"article","og_title":"Mimikresonanz-TtP-Aufbautraining (Expert). - nonverbale Wahrnehmung","og_description":"Meistern Sie nonverbale Wahrnehmung. \u201eDas gesamte Spektrum emotionalen Erlebensentfaltet sich im chronologischen Zusammenspiel aller K\u00f6rpersprachekan\u00e4le.\"","og_url":"https:\/\/eilert-akademie.com\/at\/mimikresonanz-ttp-aufbautraining-expert\/","og_site_name":"Eilert-Akademie | The Science of Emotions","article_publisher":"https:\/\/www.facebook.com\/EilertAkademie","article_modified_time":"2026-03-12T15:37:51+00:00","twitter_card":"summary_large_image","twitter_site":"@EilertAkademie","twitter_misc":{"Gesch\u00e4tzte Lesezeit":"3 Minuten"},"schema":{"@context":"https:\/\/schema.org","@graph":[{"@type":"WebPage","@id":"https:\/\/eilert-akademie.com\/at\/mimikresonanz-ttp-aufbautraining-expert\/","url":"https:\/\/eilert-akademie.com\/at\/mimikresonanz-ttp-aufbautraining-expert\/","name":"Mimikresonanz-TtP-Aufbautraining (Expert). - nonverbale Wahrnehmung","isPartOf":{"@id":"https:\/\/eilert-akademie.com\/at\/#website"},"datePublished":"2021-02-11T11:49:43+00:00","dateModified":"2026-03-12T15:37:51+00:00","description":"Meistern Sie nonverbale Wahrnehmung. \u201eDas gesamte Spektrum emotionalen Erlebensentfaltet sich im chronologischen Zusammenspiel aller K\u00f6rpersprachekan\u00e4le.\"","breadcrumb":{"@id":"https:\/\/eilert-akademie.com\/at\/mimikresonanz-ttp-aufbautraining-expert\/#breadcrumb"},"inLanguage":"de-AT","potentialAction":[{"@type":"ReadAction","target":["https:\/\/eilert-akademie.com\/at\/mimikresonanz-ttp-aufbautraining-expert\/"]}]},{"@type":"BreadcrumbList","@id":"https:\/\/eilert-akademie.com\/at\/mimikresonanz-ttp-aufbautraining-expert\/#breadcrumb","itemListElement":[{"@type":"ListItem","position":1,"name":"Startseite","item":"https:\/\/eilert-akademie.com\/at\/"},{"@type":"ListItem","position":2,"name":"Mimikresonanz-TtP-Aufbautraining (Expert)"}]},{"@type":"WebSite","@id":"https:\/\/eilert-akademie.com\/at\/#website","url":"https:\/\/eilert-akademie.com\/at\/","name":"Eilert-Akademie | The Science of Emotions","description":"Ausbildung zum emTrace-Coach, zum Mimikresonanz-Trainer und zum Mesource-Facilitator. Mit drei S\u00e4ulen zum Experten f\u00fcr emotionale Intelligenz.","publisher":{"@id":"https:\/\/eilert-akademie.com\/at\/#organization"},"potentialAction":[{"@type":"SearchAction","target":{"@type":"EntryPoint","urlTemplate":"https:\/\/eilert-akademie.com\/at\/?s={search_term_string}"},"query-input":{"@type":"PropertyValueSpecification","valueRequired":true,"valueName":"search_term_string"}}],"inLanguage":"de-AT"},{"@type":"Organization","@id":"https:\/\/eilert-akademie.com\/at\/#organization","name":"Eilert-Akademie","url":"https:\/\/eilert-akademie.com\/at\/","logo":{"@type":"ImageObject","inLanguage":"de-AT","@id":"https:\/\/eilert-akademie.com\/at\/#\/schema\/logo\/image\/","url":"https:\/\/eilert-akademie.com\/wp-content\/uploads\/2020\/07\/eilert-akademie-logo.png","contentUrl":"https:\/\/eilert-akademie.com\/wp-content\/uploads\/2020\/07\/eilert-akademie-logo.png","width":326,"height":112,"caption":"Eilert-Akademie"},"image":{"@id":"https:\/\/eilert-akademie.com\/at\/#\/schema\/logo\/image\/"},"sameAs":["https:\/\/www.facebook.com\/EilertAkademie","https:\/\/x.com\/EilertAkademie","https:\/\/www.instagram.com\/eilertakademie\/","https:\/\/de.wikipedia.org\/wiki\/Dirk_Eilert"]}]}},"post_mailing_queue_ids":[],"_links":{"self":[{"href":"https:\/\/eilert-akademie.com\/at\/wp-json\/wp\/v2\/pages\/8454","targetHints":{"allow":["GET"]}}],"collection":[{"href":"https:\/\/eilert-akademie.com\/at\/wp-json\/wp\/v2\/pages"}],"about":[{"href":"https:\/\/eilert-akademie.com\/at\/wp-json\/wp\/v2\/types\/page"}],"author":[{"embeddable":true,"href":"https:\/\/eilert-akademie.com\/at\/wp-json\/wp\/v2\/users\/1"}],"replies":[{"embeddable":true,"href":"https:\/\/eilert-akademie.com\/at\/wp-json\/wp\/v2\/comments?post=8454"}],"version-history":[{"count":10,"href":"https:\/\/eilert-akademie.com\/at\/wp-json\/wp\/v2\/pages\/8454\/revisions"}],"predecessor-version":[{"id":22423,"href":"https:\/\/eilert-akademie.com\/at\/wp-json\/wp\/v2\/pages\/8454\/revisions\/22423"}],"wp:attachment":[{"href":"https:\/\/eilert-akademie.com\/at\/wp-json\/wp\/v2\/media?parent=8454"}],"curies":[{"name":"wp","href":"https:\/\/api.w.org\/{rel}","templated":true}]}}