{"id":8486,"date":"2021-02-11T12:50:03","date_gmt":"2021-02-11T11:50:03","guid":{"rendered":"https:\/\/eilert-akademie.com\/mimikresonanz-ttp-aufbautraining-profiler\/"},"modified":"2021-07-12T17:53:32","modified_gmt":"2021-07-12T15:53:32","slug":"mimikresonanz-ttp-aufbautraining-profiler","status":"publish","type":"page","link":"https:\/\/eilert-akademie.com\/at\/mimikresonanz-ttp-aufbautraining-profiler\/","title":{"rendered":"Mimikresonanz-TtP-Aufbautraining (Profiler)"},"content":{"rendered":"<p><div class=\"fusion-fullwidth fullwidth-box fusion-builder-row-1 fusion-flex-container nonhundred-percent-fullwidth non-hundred-percent-height-scrolling\" style=\"--awb-border-radius-top-left:0px;--awb-border-radius-top-right:0px;--awb-border-radius-bottom-right:0px;--awb-border-radius-bottom-left:0px;--awb-background-color:#2e394b;--awb-flex-wrap:wrap;\" ><div class=\"fusion-builder-row fusion-row fusion-flex-align-items-center fusion-flex-justify-content-center fusion-flex-content-wrap\" style=\"max-width:1248px;margin-left: calc(-4% \/ 2 );margin-right: calc(-4% \/ 2 );\"><div class=\"fusion-layout-column fusion_builder_column fusion-builder-column-0 fusion_builder_column_1_1 1_1 fusion-flex-column fusion-flex-align-self-center\" style=\"--awb-padding-top:20px;--awb-bg-size:cover;--awb-width-large:100%;--awb-margin-top-large:0px;--awb-spacing-right-large:1.92%;--awb-margin-bottom-large:20px;--awb-spacing-left-large:1.92%;--awb-width-medium:100%;--awb-order-medium:0;--awb-spacing-right-medium:1.92%;--awb-spacing-left-medium:1.92%;--awb-width-small:100%;--awb-order-small:0;--awb-spacing-right-small:1.92%;--awb-spacing-left-small:1.92%;\"><div class=\"fusion-column-wrapper fusion-column-has-shadow fusion-flex-justify-content-center fusion-content-layout-column\"><div class=\"fusion-text fusion-text-1 weiss\"><p style=\"text-align: center;\"><strong>Die Seminare finden auch als Webucation statt. <\/strong> <span class=\"txtgruen\">Web<\/span>ucation bedeutet: Trainieren im digitalen Lernraum &#8211; mit motivierender<br \/>\nWissensvermittlung und interaktiven Kleingruppen-\u00dcbungen.<br \/>\nDer wertvolle Nebeneffekt: Sie erweitern Ihre Trainingskompetenz im digitalen Raum.<\/p>\n<\/div><\/div><\/div><\/div><\/div><div class=\"fusion-fullwidth fullwidth-box fusion-builder-row-2 nonhundred-percent-fullwidth non-hundred-percent-height-scrolling\" style=\"--awb-border-radius-top-left:0px;--awb-border-radius-top-right:0px;--awb-border-radius-bottom-right:0px;--awb-border-radius-bottom-left:0px;--awb-margin-top:40px;--awb-flex-wrap:wrap;\" ><div class=\"fusion-builder-row fusion-row\"><div class=\"fusion-layout-column fusion_builder_column fusion-builder-column-1 fusion_builder_column_1_1 1_1 fusion-one-full fusion-column-first fusion-column-last\" style=\"--awb-bg-size:cover;\"><div class=\"fusion-column-wrapper fusion-column-has-shadow fusion-flex-column-wrapper-legacy\"><div class=\"fusion-title title fusion-title-1 fusion-sep-none fusion-title-center fusion-title-text fusion-title-size-one\" style=\"--awb-margin-top-small:10px;--awb-margin-right-small:0px;--awb-margin-bottom-small:10px;--awb-margin-left-small:0px;--awb-font-size:40px;\"><h1 class=\"fusion-title-heading title-heading-center fusion-responsive-typography-calculated\" style=\"margin:0;font-size:1em;--fontSize:40;line-height:1.16;\">Meistern Sie Ihre Menschenkenntnis<\/h1><\/div><div class=\"fusion-sep-clear\"><\/div><div class=\"fusion-separator\" style=\"margin-left: auto;margin-right: auto;margin-top:10px;margin-bottom:30px;width:100%;max-width:150px;\"><div class=\"fusion-separator-border sep-single\" style=\"--awb-height:20px;--awb-amount:20px;border-color:#95c11f;border-top-width:4px;\"><\/div><\/div><div class=\"fusion-sep-clear\"><\/div><div class=\"fusion-title title fusion-title-2 fusion-sep-none fusion-title-center fusion-title-text fusion-title-size-three\" style=\"--awb-text-color:#3c3c3b;--awb-margin-top-small:10px;--awb-margin-right-small:0px;--awb-margin-bottom-small:10px;--awb-margin-left-small:0px;\"><h3 class=\"fusion-title-heading title-heading-center fusion-responsive-typography-calculated\" style=\"margin:0;--fontSize:24;line-height:1.3;\"><p>\u201eWenn Sie Ihre Mitmenschen wirklich erreichen m\u00f6chten,<br \/>\nlautet die wahre goldene Regel:<br \/>\nBehandle andere so, wie SIE behandelt werden m\u00f6chten.\u201c<\/p><\/h3><\/div><div class=\"fusion-text fusion-text-2\" style=\"--awb-content-alignment:center;\"><p>Kennen Sie das? Sie sprechen mit einem Klienten oder einer Kundin und Sie haben das Gef\u00fchl, dass das Gespr\u00e4ch einfach flie\u00dft. Wahrscheinlich kennen Sie auch die gegenteilige Situation: Die Kommunikation will partout nicht gelingen. Sie erreichen Ihren Gegen\u00fcber einfach nicht, sprechen gef\u00fchlt aneinander vorbei. Die ber\u00fchmte goldene Regel \u201eBehandle andere so, wie du gerne behandelt werden m\u00f6chtest\u201c k\u00f6nnte nicht falscher sein.<\/p>\n<p>Menschen sind unterschiedlich. Jeder hat eine eigene Pers\u00f6nlichkeits- und Motivstruktur. In dem Moment, in dem Sie Ihre Worte und K\u00f6rpersprache auf die innere Welt Ihres Gegen\u00fcbers ausrichten, bekommt Kommunikation etwas Magisches. Sie flie\u00dft. Die wahre goldene Regel der Menschenkenntnis lautet deshalb: \u201eBehandle andere so, wie SIE behandelt werden m\u00f6chten.\u201c<\/p>\n<\/div><div class=\"fusion-clearfix\"><\/div><\/div><\/div><\/div><\/div><div class=\"fusion-fullwidth fullwidth-box fusion-builder-row-3 fusion-flex-container nonhundred-percent-fullwidth non-hundred-percent-height-scrolling\" style=\"--awb-border-radius-top-left:0px;--awb-border-radius-top-right:0px;--awb-border-radius-bottom-right:0px;--awb-border-radius-bottom-left:0px;--awb-flex-wrap:wrap;\" ><div class=\"fusion-builder-row fusion-row fusion-flex-align-items-flex-start fusion-flex-content-wrap\" style=\"max-width:1248px;margin-left: calc(-4% \/ 2 );margin-right: calc(-4% \/ 2 );\"><div class=\"fusion-layout-column fusion_builder_column fusion-builder-column-2 fusion_builder_column_1_2 1_2 fusion-flex-column\" style=\"--awb-bg-size:cover;--awb-width-large:50%;--awb-margin-top-large:0px;--awb-spacing-right-large:3.84%;--awb-margin-bottom-large:20px;--awb-spacing-left-large:3.84%;--awb-width-medium:100%;--awb-order-medium:0;--awb-spacing-right-medium:1.92%;--awb-spacing-left-medium:1.92%;--awb-width-small:100%;--awb-order-small:0;--awb-spacing-right-small:1.92%;--awb-spacing-left-small:1.92%;\"><div class=\"fusion-column-wrapper fusion-column-has-shadow fusion-flex-justify-content-flex-start fusion-content-layout-column\"><div class=\"fusion-text fusion-text-3\"><p><strong>Das Mimikresonanz-TtP-Profiler-Training f\u00fchrt Sie zu einer meisterhaften Menschenkenntnis<\/strong> und erm\u00f6glicht es Ihnen mittels nonverbaler Signale und unbewusster Sprachmuster eine Person treffsicher einzusch\u00e4tzen und Ihre Kommunikation zuverl\u00e4ssig an der Pers\u00f6nlichkeit desjenigen auszurichten. Das tiefe Wissen \u00fcber die verschiedenen Grundauspr\u00e4gungen der Pers\u00f6nlichkeit und eine richtige Einsch\u00e4tzung des Gegen\u00fcbers hilft unter anderem dabei, schneller eine gute Atmosph\u00e4re zu schaffen und im Gespr\u00e4ch zielgerichtet vorzugehen.<\/p>\n<p>Dem Coach erleichtert es zum Beispiel den Blick f\u00fcr blinde Flecken und m\u00f6gliche (versteckte) Themen des\/der Klient:in, der Vertriebsmitarbeitende erkennt im Kundengespr\u00e4ch unausgesprochene W\u00fcnsche und Motive des Gegen\u00fcbers und kann das Produkt dementsprechend passgenau pr\u00e4sen\u00adtieren. Und die F\u00fchrungskraft unterst\u00fctzt es dabei, typgerecht, also der Pers\u00f6nlichkeit entsprechend, zu f\u00fchren und so das Potential der Mitarbeitenden optimal zu f\u00f6rdern und zu entfalten.<\/p>\n<\/div><div class=\"fusion-builder-row fusion-builder-row-inner fusion-row fusion-flex-align-items-flex-start fusion-flex-content-wrap\" style=\"--awb-flex-grow:0;--awb-flex-grow-medium:0;--awb-flex-grow-small:0;--awb-flex-shrink:0;--awb-flex-shrink-medium:0;--awb-flex-shrink-small:0;width:104% !important;max-width:104% !important;margin-left: calc(-4% \/ 2 );margin-right: calc(-4% \/ 2 );\"><div class=\"fusion-layout-column fusion_builder_column_inner fusion-builder-nested-column-0 fusion_builder_column_inner_1_1 1_1 fusion-flex-column\" style=\"--awb-padding-top:15px;--awb-padding-right:10px;--awb-padding-bottom:10px;--awb-padding-left:10px;--awb-bg-color:#f9f9fb;--awb-bg-color-hover:#f9f9fb;--awb-bg-size:cover;--awb-box-shadow:2px 1px 3px 2px #b5b5b5;;--awb-border-color:#95c11f;--awb-border-top:1px;--awb-border-right:1px;--awb-border-bottom:1px;--awb-border-left:1px;--awb-border-style:solid;--awb-width-large:100%;--awb-margin-top-large:0px;--awb-spacing-right-large:1.92%;--awb-margin-bottom-large:20px;--awb-spacing-left-large:1.92%;--awb-width-medium:100%;--awb-order-medium:0;--awb-spacing-right-medium:1.92%;--awb-spacing-left-medium:1.92%;--awb-width-small:100%;--awb-order-small:0;--awb-spacing-right-small:1.92%;--awb-spacing-left-small:1.92%;\"><div class=\"fusion-column-wrapper fusion-column-has-shadow fusion-flex-justify-content-flex-start fusion-content-layout-column\"><div class=\"fusion-text fusion-text-4\" style=\"--awb-content-alignment:left;\"><p>Die Absolvierung dieses Train-the-Professional-Trainings berechtigt Sie als Mimikresonanz-Lizenztrainer:in zur Durchf\u00fchrung des 2-t\u00e4gigen Mimikresonanz-Aufbautrainings \u201eMimikresonanz-Profiling\u201c.<\/p>\n<\/div><\/div><\/div><\/div><\/div><\/div><div class=\"fusion-layout-column fusion_builder_column fusion-builder-column-3 fusion_builder_column_1_2 1_2 fusion-flex-column\" style=\"--awb-bg-size:cover;--awb-width-large:50%;--awb-margin-top-large:0px;--awb-spacing-right-large:3.84%;--awb-margin-bottom-large:20px;--awb-spacing-left-large:3.84%;--awb-width-medium:100%;--awb-order-medium:0;--awb-spacing-right-medium:1.92%;--awb-spacing-left-medium:1.92%;--awb-width-small:100%;--awb-order-small:0;--awb-spacing-right-small:1.92%;--awb-spacing-left-small:1.92%;\"><div class=\"fusion-column-wrapper fusion-column-has-shadow fusion-flex-justify-content-flex-start fusion-content-layout-column\"><div class=\"fusion-tabs fusion-tabs-1 classic nav-is-justified horizontal-tabs icon-position-left mobile-mode-accordion\" style=\"--awb-title-border-radius-top-left:0px;--awb-title-border-radius-top-right:0px;--awb-title-border-radius-bottom-right:0px;--awb-title-border-radius-bottom-left:0px;--awb-inactive-color:#f9f9fb;--awb-background-color:#ffffff;--awb-border-color:#e2e2e2;--awb-active-border-color:#95c11f;\"><div class=\"nav\"><ul class=\"nav-tabs nav-justified\" role=\"tablist\" aria-orientation=\"horizontal\"><li class=\"active\" role=\"presentation\"><a class=\"tab-link\" data-toggle=\"tab\" role=\"tab\" aria-controls=\"tab-28ef01efcac1e66a0a1\" aria-selected=\"true\" tabindex=\"0\" id=\"fusion-tab-28ef01efcac1e66a0a1\" href=\"#tab-28ef01efcac1e66a0a1\"><h4 class=\"fusion-tab-heading\">Seminarinhalte<\/h4><\/a><\/li><li  role=\"presentation\"><a class=\"tab-link\" data-toggle=\"tab\" role=\"tab\" aria-controls=\"tab-7bcbdf51c8e3ff92deb\" aria-selected=\"false\" tabindex=\"-1\" id=\"fusion-tab-7bcbdf51c8e3ff92deb\" href=\"#tab-7bcbdf51c8e3ff92deb\"><h4 class=\"fusion-tab-heading\">Informationen<\/h4><\/a><\/li><\/ul><\/div><div class=\"tab-content\"><div class=\"nav fusion-mobile-tab-nav\"><ul class=\"nav-tabs nav-justified\" role=\"tablist\" aria-orientation=\"horizontal\"><li class=\"active\" role=\"presentation\"><a class=\"tab-link\" data-toggle=\"tab\" role=\"tab\" aria-controls=\"tab-28ef01efcac1e66a0a1\" aria-selected=\"true\" tabindex=\"0\" id=\"mobile-fusion-tab-28ef01efcac1e66a0a1\" href=\"#tab-28ef01efcac1e66a0a1\"><h4 class=\"fusion-tab-heading\">Seminarinhalte<\/h4><\/a><\/li><\/ul><\/div><div class=\"tab-pane fade fusion-clearfix in active\" role=\"tabpanel\" tabindex=\"0\" aria-labelledby=\"fusion-tab-28ef01efcac1e66a0a1\" id=\"tab-28ef01efcac1e66a0a1\">\n<div class=\"table-2\">\n<table width=\"100%\">\n<tbody>\n<tr>\n<td bgcolor=\"#f2f1f1\"><strong>Mimikresonanz<sup>\u00ae<\/sup>-TtP-Aufbautraining \u201eProfiler\u201c:<\/strong><\/td>\n<\/tr>\n<tr>\n<td>K\u00f6rpersprache und Pers\u00f6nlichkeit<\/td>\n<\/tr>\n<tr>\n<td>Die doppelte Filterfunktion von Pers\u00f6nlichkeit und Kultur<\/td>\n<\/tr>\n<tr>\n<td>Kultur und Emotionsausdruck: die sozialen Darstellungsregeln<\/td>\n<\/tr>\n<tr>\n<td>Die drei zentralen Faktoren der Pers\u00f6nlichkeit<\/td>\n<\/tr>\n<tr>\n<td>Nonverbale Grundmuster der drei zentralen Pers\u00f6nlichkeitsfaktoren<\/td>\n<\/tr>\n<tr>\n<td>Der 3-Minuten-Pers\u00f6nlichkeitstest<\/td>\n<\/tr>\n<tr>\n<td>Was die Sprachstruktur \u00fcber die Pers\u00f6nlichkeit verr\u00e4t<\/td>\n<\/tr>\n<tr>\n<td>\u00dcberzeugende Sprachmuster<\/td>\n<\/tr>\n<tr>\n<td>Typgerecht pr\u00e4sentieren<\/td>\n<\/tr>\n<\/tbody>\n<\/table>\n<\/div>\n<\/div><div class=\"nav fusion-mobile-tab-nav\"><ul class=\"nav-tabs nav-justified\" role=\"tablist\" aria-orientation=\"horizontal\"><li  role=\"presentation\"><a class=\"tab-link\" data-toggle=\"tab\" role=\"tab\" aria-controls=\"tab-7bcbdf51c8e3ff92deb\" aria-selected=\"false\" tabindex=\"-1\" id=\"mobile-fusion-tab-7bcbdf51c8e3ff92deb\" href=\"#tab-7bcbdf51c8e3ff92deb\"><h4 class=\"fusion-tab-heading\">Informationen<\/h4><\/a><\/li><\/ul><\/div><div class=\"tab-pane fade fusion-clearfix\" role=\"tabpanel\" tabindex=\"0\" aria-labelledby=\"fusion-tab-7bcbdf51c8e3ff92deb\" id=\"tab-7bcbdf51c8e3ff92deb\">\n<div class=\"table-2\">\n<table width=\"100%\">\n<tbody>\n<tr>\n<td bgcolor=\"#f2f1f1\"><strong>Teilnahmevoraussetzung:<\/strong><\/td>\n<\/tr>\n<tr>\n<td><a href=\"..\/mimikresonanz-ttp-basistraining\/\">Mimikresonanz<sup>\u00ae<\/sup>-TtP-Basistraining<\/a><\/td>\n<\/tr>\n<tr>\n<td bgcolor=\"#f2f1f1\"><strong>Teilnehmer:<\/strong><\/td>\n<\/tr>\n<tr>\n<td>Pr\u00e4senztraining begrenzt auf max. 20 Teilnehmer:innen<\/td>\n<\/tr>\n<tr>\n<td bgcolor=\"#f2f1f1\"><strong>Dauer:<\/strong><\/td>\n<\/tr>\n<tr>\n<td>4 Tage (1.-3. Tag von 10-18 Uhr, 4. Tag von 10-17 Uhr)<\/td>\n<\/tr>\n<tr>\n<td bgcolor=\"#f2f1f1\"><strong>Trainer:<\/strong><\/td>\n<\/tr>\n<tr>\n<td><a href=\"..\/mike-werder\/\">Mike Werder<\/a><\/td>\n<\/tr>\n<tr>\n<td bgcolor=\"#f2f1f1\"><strong>Veranstaltungsort:<\/strong><\/td>\n<\/tr>\n<tr>\n<td>Eilert-Akademie Innsbruck<\/td>\n<\/tr>\n<tr>\n<td bgcolor=\"#f2f1f1\"><strong>Investition:<\/strong><\/td>\n<\/tr>\n<tr>\n<td><strong>1.575,- \u20ac inkl. MwSt.<\/strong><br \/>\nf\u00fcr Mimikresonanz-Lizenztrainer:innen<\/p>\n<p><strong>1.875,- \u20ac inkl. MwSt.<br \/>\n<\/strong>f\u00fcr Mimikresonanz-Berater:innen<\/p>\n<p>(in der Seminargeb\u00fchr sind Folien und Handouts f\u00fcr eigene Seminare bereits enthalten; zur Nutzung bedarf es einer laufenden Trainer-Lizenzvereinbarung; weitere Lizenzgeb\u00fchren werden dar\u00fcber hinaus nicht erhoben)<\/td>\n<\/tr>\n<\/tbody>\n<\/table>\n<\/div>\n<\/div><\/div><\/div><\/div><\/div><\/div><\/div><div class=\"fusion-fullwidth fullwidth-box fusion-builder-row-4 nonhundred-percent-fullwidth non-hundred-percent-height-scrolling\" style=\"--awb-border-radius-top-left:0px;--awb-border-radius-top-right:0px;--awb-border-radius-bottom-right:0px;--awb-border-radius-bottom-left:0px;--awb-flex-wrap:wrap;\" ><div class=\"fusion-builder-row fusion-row\"><div class=\"fusion-layout-column fusion_builder_column fusion-builder-column-4 fusion_builder_column_1_1 1_1 fusion-one-full fusion-column-first fusion-column-last\" style=\"--awb-bg-size:cover;\"><div class=\"fusion-column-wrapper fusion-column-has-shadow fusion-flex-column-wrapper-legacy\"><div class=\"fusion-title title fusion-title-3 fusion-sep-none fusion-title-center fusion-title-text fusion-title-size-two\" style=\"--awb-text-color:#3c3c3b;--awb-margin-top-small:10px;--awb-margin-right-small:0px;--awb-margin-bottom-small:10px;--awb-margin-left-small:0px;--awb-font-size:24px;\"><h2 class=\"fusion-title-heading title-heading-center fusion-responsive-typography-calculated\" style=\"margin:0;font-size:1em;--fontSize:24;line-height:1.25;\"><h3>Termine \/ Anmeldung (\u00d6sterreich)<\/h3><\/h2><\/div><iframe src=\"https:\/\/app1.edoobox.com\/MHN\/AUT\/5.AUT-MR-TtP-Profiler?edref=mhn\" name=\"edooboxFrame_mhn\" id=\"edoobox_mhn\" style=\"border:none; width:100%; height:600px;\" frameborder=\"0\" seamless data-scrolltop><a href=\"https:\/\/app1.edoobox.com\/MHN\/AUT\/5.AUT-MR-TtP-Profiler?edref=mhn\">\u00dcbersicht anzeigen<\/a><\/iframe><script type=\"text\/javascript\" src=\"https:\/\/cdn1.edoobox.com\/edoobox.iframe.embedded.v2.2.js\"><\/script><div class=\"fusion-clearfix\"><\/div><\/div><\/div><\/div><\/div><\/p>\n","protected":false},"excerpt":{"rendered":"","protected":false},"author":1,"featured_media":0,"parent":0,"menu_order":0,"comment_status":"closed","ping_status":"closed","template":"100-width.php","meta":{"_acf_changed":false,"footnotes":""},"class_list":["post-8486","page","type-page","status-publish","hentry"],"acf":[],"yoast_head":"<!-- This site is optimized with the Yoast SEO plugin v27.5 - https:\/\/yoast.com\/product\/yoast-seo-wordpress\/ -->\n<title>Mimikresonanz-TtP-Aufbautraining (Profiler)<\/title>\n<meta name=\"description\" content=\"Das Mimikresonanz-TtP-Profiler-Training f\u00fchrt Sie zu einer meisterhaften Menschenkenntnis und erm\u00f6glicht es Ihnen mittels nonverbaler Signale und unbewusster Sprachmuster eine Person treffsicher einzusch\u00e4tzen\" \/>\n<meta name=\"robots\" content=\"index, follow, max-snippet:-1, max-image-preview:large, max-video-preview:-1\" \/>\n<link rel=\"canonical\" href=\"https:\/\/eilert-akademie.com\/at\/mimikresonanz-ttp-aufbautraining-profiler\/\" \/>\n<meta property=\"og:locale\" content=\"de_DE\" \/>\n<meta property=\"og:type\" content=\"article\" \/>\n<meta property=\"og:title\" content=\"Mimikresonanz-TtP-Aufbautraining (Profiler)\" \/>\n<meta property=\"og:description\" content=\"Das Mimikresonanz-TtP-Profiler-Training f\u00fchrt Sie zu einer meisterhaften Menschenkenntnis und erm\u00f6glicht es Ihnen mittels nonverbaler Signale und unbewusster Sprachmuster eine Person treffsicher einzusch\u00e4tzen\" \/>\n<meta property=\"og:url\" content=\"https:\/\/eilert-akademie.com\/at\/mimikresonanz-ttp-aufbautraining-profiler\/\" \/>\n<meta property=\"og:site_name\" content=\"Eilert-Akademie | The Science of Emotions\" \/>\n<meta property=\"article:publisher\" content=\"https:\/\/www.facebook.com\/EilertAkademie\" \/>\n<meta property=\"article:modified_time\" content=\"2021-07-12T15:53:32+00:00\" \/>\n<meta name=\"twitter:card\" content=\"summary_large_image\" \/>\n<meta name=\"twitter:site\" content=\"@EilertAkademie\" \/>\n<meta name=\"twitter:label1\" content=\"Gesch\u00e4tzte Lesezeit\" \/>\n\t<meta name=\"twitter:data1\" content=\"8 Minuten\" \/>\n<script type=\"application\/ld+json\" class=\"yoast-schema-graph\">{\"@context\":\"https:\\\/\\\/schema.org\",\"@graph\":[{\"@type\":\"WebPage\",\"@id\":\"https:\\\/\\\/eilert-akademie.com\\\/at\\\/mimikresonanz-ttp-aufbautraining-profiler\\\/\",\"url\":\"https:\\\/\\\/eilert-akademie.com\\\/at\\\/mimikresonanz-ttp-aufbautraining-profiler\\\/\",\"name\":\"Mimikresonanz-TtP-Aufbautraining (Profiler)\",\"isPartOf\":{\"@id\":\"https:\\\/\\\/eilert-akademie.com\\\/at\\\/#website\"},\"datePublished\":\"2021-02-11T11:50:03+00:00\",\"dateModified\":\"2021-07-12T15:53:32+00:00\",\"description\":\"Das Mimikresonanz-TtP-Profiler-Training f\u00fchrt Sie zu einer meisterhaften Menschenkenntnis und erm\u00f6glicht es Ihnen mittels nonverbaler Signale und unbewusster Sprachmuster eine Person treffsicher einzusch\u00e4tzen\",\"breadcrumb\":{\"@id\":\"https:\\\/\\\/eilert-akademie.com\\\/at\\\/mimikresonanz-ttp-aufbautraining-profiler\\\/#breadcrumb\"},\"inLanguage\":\"de-AT\",\"potentialAction\":[{\"@type\":\"ReadAction\",\"target\":[\"https:\\\/\\\/eilert-akademie.com\\\/at\\\/mimikresonanz-ttp-aufbautraining-profiler\\\/\"]}]},{\"@type\":\"BreadcrumbList\",\"@id\":\"https:\\\/\\\/eilert-akademie.com\\\/at\\\/mimikresonanz-ttp-aufbautraining-profiler\\\/#breadcrumb\",\"itemListElement\":[{\"@type\":\"ListItem\",\"position\":1,\"name\":\"Startseite\",\"item\":\"https:\\\/\\\/eilert-akademie.com\\\/at\\\/\"},{\"@type\":\"ListItem\",\"position\":2,\"name\":\"Mimikresonanz-TtP-Aufbautraining (Profiler)\"}]},{\"@type\":\"WebSite\",\"@id\":\"https:\\\/\\\/eilert-akademie.com\\\/at\\\/#website\",\"url\":\"https:\\\/\\\/eilert-akademie.com\\\/at\\\/\",\"name\":\"Eilert-Akademie | The Science of Emotions\",\"description\":\"Ausbildung zum emTrace-Coach, zum Mimikresonanz-Trainer und zum Mesource-Facilitator. Mit drei S\u00e4ulen zum Experten f\u00fcr emotionale Intelligenz.\",\"publisher\":{\"@id\":\"https:\\\/\\\/eilert-akademie.com\\\/at\\\/#organization\"},\"potentialAction\":[{\"@type\":\"SearchAction\",\"target\":{\"@type\":\"EntryPoint\",\"urlTemplate\":\"https:\\\/\\\/eilert-akademie.com\\\/at\\\/?s={search_term_string}\"},\"query-input\":{\"@type\":\"PropertyValueSpecification\",\"valueRequired\":true,\"valueName\":\"search_term_string\"}}],\"inLanguage\":\"de-AT\"},{\"@type\":\"Organization\",\"@id\":\"https:\\\/\\\/eilert-akademie.com\\\/at\\\/#organization\",\"name\":\"Eilert-Akademie\",\"url\":\"https:\\\/\\\/eilert-akademie.com\\\/at\\\/\",\"logo\":{\"@type\":\"ImageObject\",\"inLanguage\":\"de-AT\",\"@id\":\"https:\\\/\\\/eilert-akademie.com\\\/at\\\/#\\\/schema\\\/logo\\\/image\\\/\",\"url\":\"https:\\\/\\\/eilert-akademie.com\\\/wp-content\\\/uploads\\\/2020\\\/07\\\/eilert-akademie-logo.png\",\"contentUrl\":\"https:\\\/\\\/eilert-akademie.com\\\/wp-content\\\/uploads\\\/2020\\\/07\\\/eilert-akademie-logo.png\",\"width\":326,\"height\":112,\"caption\":\"Eilert-Akademie\"},\"image\":{\"@id\":\"https:\\\/\\\/eilert-akademie.com\\\/at\\\/#\\\/schema\\\/logo\\\/image\\\/\"},\"sameAs\":[\"https:\\\/\\\/www.facebook.com\\\/EilertAkademie\",\"https:\\\/\\\/x.com\\\/EilertAkademie\",\"https:\\\/\\\/www.instagram.com\\\/eilertakademie\\\/\",\"https:\\\/\\\/de.wikipedia.org\\\/wiki\\\/Dirk_Eilert\"]}]}<\/script>\n<!-- \/ Yoast SEO plugin. -->","yoast_head_json":{"title":"Mimikresonanz-TtP-Aufbautraining (Profiler)","description":"Das Mimikresonanz-TtP-Profiler-Training f\u00fchrt Sie zu einer meisterhaften Menschenkenntnis und erm\u00f6glicht es Ihnen mittels nonverbaler Signale und unbewusster Sprachmuster eine Person treffsicher einzusch\u00e4tzen","robots":{"index":"index","follow":"follow","max-snippet":"max-snippet:-1","max-image-preview":"max-image-preview:large","max-video-preview":"max-video-preview:-1"},"canonical":"https:\/\/eilert-akademie.com\/at\/mimikresonanz-ttp-aufbautraining-profiler\/","og_locale":"de_DE","og_type":"article","og_title":"Mimikresonanz-TtP-Aufbautraining (Profiler)","og_description":"Das Mimikresonanz-TtP-Profiler-Training f\u00fchrt Sie zu einer meisterhaften Menschenkenntnis und erm\u00f6glicht es Ihnen mittels nonverbaler Signale und unbewusster Sprachmuster eine Person treffsicher einzusch\u00e4tzen","og_url":"https:\/\/eilert-akademie.com\/at\/mimikresonanz-ttp-aufbautraining-profiler\/","og_site_name":"Eilert-Akademie | The Science of Emotions","article_publisher":"https:\/\/www.facebook.com\/EilertAkademie","article_modified_time":"2021-07-12T15:53:32+00:00","twitter_card":"summary_large_image","twitter_site":"@EilertAkademie","twitter_misc":{"Gesch\u00e4tzte Lesezeit":"8 Minuten"},"schema":{"@context":"https:\/\/schema.org","@graph":[{"@type":"WebPage","@id":"https:\/\/eilert-akademie.com\/at\/mimikresonanz-ttp-aufbautraining-profiler\/","url":"https:\/\/eilert-akademie.com\/at\/mimikresonanz-ttp-aufbautraining-profiler\/","name":"Mimikresonanz-TtP-Aufbautraining (Profiler)","isPartOf":{"@id":"https:\/\/eilert-akademie.com\/at\/#website"},"datePublished":"2021-02-11T11:50:03+00:00","dateModified":"2021-07-12T15:53:32+00:00","description":"Das Mimikresonanz-TtP-Profiler-Training f\u00fchrt Sie zu einer meisterhaften Menschenkenntnis und erm\u00f6glicht es Ihnen mittels nonverbaler Signale und unbewusster Sprachmuster eine Person treffsicher einzusch\u00e4tzen","breadcrumb":{"@id":"https:\/\/eilert-akademie.com\/at\/mimikresonanz-ttp-aufbautraining-profiler\/#breadcrumb"},"inLanguage":"de-AT","potentialAction":[{"@type":"ReadAction","target":["https:\/\/eilert-akademie.com\/at\/mimikresonanz-ttp-aufbautraining-profiler\/"]}]},{"@type":"BreadcrumbList","@id":"https:\/\/eilert-akademie.com\/at\/mimikresonanz-ttp-aufbautraining-profiler\/#breadcrumb","itemListElement":[{"@type":"ListItem","position":1,"name":"Startseite","item":"https:\/\/eilert-akademie.com\/at\/"},{"@type":"ListItem","position":2,"name":"Mimikresonanz-TtP-Aufbautraining (Profiler)"}]},{"@type":"WebSite","@id":"https:\/\/eilert-akademie.com\/at\/#website","url":"https:\/\/eilert-akademie.com\/at\/","name":"Eilert-Akademie | The Science of Emotions","description":"Ausbildung zum emTrace-Coach, zum Mimikresonanz-Trainer und zum Mesource-Facilitator. Mit drei S\u00e4ulen zum Experten f\u00fcr emotionale Intelligenz.","publisher":{"@id":"https:\/\/eilert-akademie.com\/at\/#organization"},"potentialAction":[{"@type":"SearchAction","target":{"@type":"EntryPoint","urlTemplate":"https:\/\/eilert-akademie.com\/at\/?s={search_term_string}"},"query-input":{"@type":"PropertyValueSpecification","valueRequired":true,"valueName":"search_term_string"}}],"inLanguage":"de-AT"},{"@type":"Organization","@id":"https:\/\/eilert-akademie.com\/at\/#organization","name":"Eilert-Akademie","url":"https:\/\/eilert-akademie.com\/at\/","logo":{"@type":"ImageObject","inLanguage":"de-AT","@id":"https:\/\/eilert-akademie.com\/at\/#\/schema\/logo\/image\/","url":"https:\/\/eilert-akademie.com\/wp-content\/uploads\/2020\/07\/eilert-akademie-logo.png","contentUrl":"https:\/\/eilert-akademie.com\/wp-content\/uploads\/2020\/07\/eilert-akademie-logo.png","width":326,"height":112,"caption":"Eilert-Akademie"},"image":{"@id":"https:\/\/eilert-akademie.com\/at\/#\/schema\/logo\/image\/"},"sameAs":["https:\/\/www.facebook.com\/EilertAkademie","https:\/\/x.com\/EilertAkademie","https:\/\/www.instagram.com\/eilertakademie\/","https:\/\/de.wikipedia.org\/wiki\/Dirk_Eilert"]}]}},"post_mailing_queue_ids":[],"_links":{"self":[{"href":"https:\/\/eilert-akademie.com\/at\/wp-json\/wp\/v2\/pages\/8486","targetHints":{"allow":["GET"]}}],"collection":[{"href":"https:\/\/eilert-akademie.com\/at\/wp-json\/wp\/v2\/pages"}],"about":[{"href":"https:\/\/eilert-akademie.com\/at\/wp-json\/wp\/v2\/types\/page"}],"author":[{"embeddable":true,"href":"https:\/\/eilert-akademie.com\/at\/wp-json\/wp\/v2\/users\/1"}],"replies":[{"embeddable":true,"href":"https:\/\/eilert-akademie.com\/at\/wp-json\/wp\/v2\/comments?post=8486"}],"version-history":[{"count":5,"href":"https:\/\/eilert-akademie.com\/at\/wp-json\/wp\/v2\/pages\/8486\/revisions"}],"predecessor-version":[{"id":8493,"href":"https:\/\/eilert-akademie.com\/at\/wp-json\/wp\/v2\/pages\/8486\/revisions\/8493"}],"wp:attachment":[{"href":"https:\/\/eilert-akademie.com\/at\/wp-json\/wp\/v2\/media?parent=8486"}],"curies":[{"name":"wp","href":"https:\/\/api.w.org\/{rel}","templated":true}]}}